{"id":224816,"date":"2022-07-26T21:19:42","date_gmt":"2022-07-26T21:19:42","guid":{"rendered":"https:\/\/beta.gmf.eus\/?page_id=224816"},"modified":"2025-12-10T10:54:00","modified_gmt":"2025-12-10T08:54:00","slug":"gipuzkoako-goi-mendi-eskola","status":"publish","type":"page","link":"https:\/\/www.gmf.eus\/eu\/gipuzkoako-goi-mendi-eskola\/","title":{"rendered":"Gipuzkoako Goi Mendi Eskola"},"content":{"rendered":"<p>[et_pb_section fb_built=&#8221;1&#8243; _builder_version=&#8221;4.17.3&#8243; _module_preset=&#8221;default&#8221; custom_margin=&#8221;||||false|false&#8221; custom_padding=&#8221;0px||0px|||&#8221; locked=&#8221;off&#8221; global_colors_info=&#8221;{}&#8221;][et_pb_row _builder_version=&#8221;4.16&#8243; _module_preset=&#8221;default&#8221; custom_padding=&#8221;||0px|||&#8221; global_colors_info=&#8221;{}&#8221;][et_pb_column type=&#8221;4_4&#8243; _builder_version=&#8221;4.16&#8243; _module_preset=&#8221;default&#8221; global_colors_info=&#8221;{}&#8221;][et_pb_post_title meta=&#8221;off&#8221; featured_image=&#8221;off&#8221; _builder_version=&#8221;4.16&#8243; _module_preset=&#8221;default&#8221; title_font=&#8221;|||on|||||&#8221; title_text_color=&#8221;#35679B&#8221; global_colors_info=&#8221;{}&#8221;][\/et_pb_post_title][\/et_pb_column][\/et_pb_row][et_pb_row admin_label=&#8221;Quienes Somos&#8221; module_id=&#8221;quienes-somos&#8221; _builder_version=&#8221;4.16&#8243; _module_preset=&#8221;default&#8221; custom_padding=&#8221;||||false|false&#8221; global_colors_info=&#8221;{}&#8221;][et_pb_column type=&#8221;4_4&#8243; _builder_version=&#8221;4.16&#8243; _module_preset=&#8221;default&#8221; global_colors_info=&#8221;{}&#8221;][et_pb_text _builder_version=&#8221;4.18.0&#8243; _module_preset=&#8221;default&#8221; header_2_font=&#8221;||on||on||||&#8221; header_2_text_color=&#8221;#4AA000&#8243; header_2_font_size=&#8221;24px&#8221; custom_margin=&#8221;||||false|false&#8221; locked=&#8221;off&#8221; global_colors_info=&#8221;{}&#8221;]<\/p>\n<p><strong>GIPUZKOAKO GOI MENDI ESKOLA<\/strong> Gipuzkoako mendizale Federazioaren erakunde tekniko eta pedagogikoa da eta hurrengo helburu nagusiak betetzea da erakundearen xedea:<\/p>\n<p><span><strong><\/strong><\/span><\/p>\n<ul>\n<li><span><strong>GGMEren<\/strong> helburua da mendi-kirolaren alderdi guztien hastapena, zabalkuntza eta ikasketa, baita mendiarekin zerikusia duten lan eta ikerketak sustatzea ere, historia, zientzia nahiz heziketa aldetik. <strong>GGMEk<\/strong> alde guztietatik heldu behar dio mendi-kirolari, era xumeenetik hasi eta konplexueneraino. Era berean, erne egon behar du kirol honen hainbat ataletan ager daitezkeen zenbait joera berri antzemateko.<\/span><\/li>\n<li><span><strong>GGMEren<\/strong> helburu nagusia izango da lan pedagogiko guztia mendizaletasunaren ingurura zuzendu eta bideratzea, bai arlo etikoan bai teknikoan, eta kirol honen ikasketan sartuko dira alor eta urtaro guztietarako agertu diren metodologia berri eta aurrerapenak.<\/span><\/li>\n<li><span>Erakunde honen jardunak eragina du gizarte osoan eta bereziki Gipuzkoako kirol federatuan.<\/span><\/li>\n<\/ul>\n<p>[\/et_pb_text][et_pb_button button_url=&#8221;https:\/\/www.dropbox.com\/scl\/fi\/3rduxc7p02c76yq3rdok7\/GGME-Araudia-2010.pdf?rlkey=7jyt6ka8x7r8gigi8lbcexnvd&#038;st=p3x5mv0l&#038;dl=0&#8243; url_new_window=&#8221;on&#8221; button_text=&#8221;GGME Araudia&#8221; button_alignment=&#8221;center&#8221; _builder_version=&#8221;4.27.4&#8243; _module_preset=&#8221;default&#8221; custom_button=&#8221;on&#8221; button_text_size=&#8221;16px&#8221; button_bg_color=&#8221;#35679B&#8221; button_border_width=&#8221;0px&#8221; button_border_color=&#8221;#4DB8E2&#8243; button_icon=&#8221;&#xf1c1;||fa||900&#8243; button_icon_placement=&#8221;left&#8221; button_on_hover=&#8221;off&#8221; locked=&#8221;off&#8221; global_colors_info=&#8221;{}&#8221;][\/et_pb_button][\/et_pb_column][\/et_pb_row][et_pb_row _builder_version=&#8221;4.17.3&#8243; _module_preset=&#8221;default&#8221; global_colors_info=&#8221;{}&#8221;][et_pb_column type=&#8221;4_4&#8243; _builder_version=&#8221;4.17.3&#8243; _module_preset=&#8221;default&#8221; global_colors_info=&#8221;{}&#8221;][dvmd_table_maker tbl_row_header_count=&#8221;0&#8243; tbl_responsive_break_by=&#8221;row&#8221; tbl_responsive_block_margin=&#8221;7px&#8221; tbl_frame_type=&#8221;lines&#8221; tbl_frame_line_color=&#8221;#35679B&#8221; tbl_chead_cell_color=&#8221;#55779b&#8221; tbl_chead_cell_align_vert=&#8221;center&#8221; _builder_version=&#8221;4.27.4&#8243; _module_preset=&#8221;default&#8221; hover_enabled=&#8221;0&#8243; border_width_all=&#8221;0px&#8221; border_color_all=&#8221;#35679B&#8221; global_colors_info=&#8221;{}&#8221; sticky_enabled=&#8221;0&#8243;][dvmd_table_maker_item col_label=&#8221;Curso&#8221; col_content=&#8221;2026 Ikastaroak<br \/>\nElur mota guztiak jeisteko teknikak<br \/>\nMendiko Eskia<br \/>\nIzotz Eskalada<br \/>\nElur mota guztiak jeisteko teknikak<br \/>\nMendiko Eskia<br \/>\nAlpinismoa (hastapena)<br \/>\nAlpinismoa (trebakuntza)<br \/>\nGipuzkoako Mendizale Federazioaren Eski Zeharkaldia<br \/>\nProgresioa eta erreskatea glaziarretan<br \/>\nKirol Eskalada (hastapena)<br \/>\nKirol Eskalada (trebakuntza)<br \/>\nArroilen Jeitsiera<br \/>\nMendiko Orientazioa: iparorratzez<br \/>\nMendian Orientazio eta nabigazioa mugikorren GPS bidez<br \/>\nAbentura eremuko Eskalada<br \/>\nErtzetako eskalada<br \/>\nKirol Eskalada (hastapena)<br \/>\nKirol Eskalada (trebakuntza)<br \/>\nAutoerreskatea (hastapena)<br \/>\nAlpinismoa (hastapena) &#8221; col_icon_size=&#8221;1px&#8221; _builder_version=&#8221;4.27.4&#8243; _module_preset=&#8221;default&#8221; hover_enabled=&#8221;0&#8243; global_colors_info=&#8221;{}&#8221; sticky_enabled=&#8221;0&#8243;][\/dvmd_table_maker_item][dvmd_table_maker_item col_label=&#8221;Fechas&#8221; col_content=&#8221;Egunak<br \/>\nUrtarrila 17, 18<br \/>\nUrtarrila 24, 25<br \/>\nUrtarrila\/Otsaila 31, 1<br \/>\nOtsaila 7, 8<br \/>\nOtsaila 21, 22<br \/>\nMartxoa 7, 8<br \/>\nMartxoa 14, 15<br \/>\nMartxoa 28, 29<br \/>\nApirila 18, 19<br \/>\nApirila 25, 26<br \/>\nMaiatza 9, 10<br \/>\nMaiatza 16, 17<br \/>\nMaiatza 23, 24<br \/>\nMaiatza 30, 31<br \/>\nEkaina 6, 7<br \/>\nEkaina 20, 21<br \/>\nIraila 19, 20<br \/>\nIraila 26, 27<br \/>\nUrria 17, 18<br \/>\nAbendua 12, 13&#8243; col_column_max_width=&#8221;0.3fr&#8221; col_icon_size=&#8221;1px&#8221; _builder_version=&#8221;4.27.4&#8243; _module_preset=&#8221;default&#8221; global_colors_info=&#8221;{}&#8221;][\/dvmd_table_maker_item][\/dvmd_table_maker][dvmd_table_maker tbl_row_header_count=&#8221;0&#8243; tbl_responsive_break_by=&#8221;row&#8221; tbl_responsive_block_margin=&#8221;7px&#8221; tbl_frame_type=&#8221;lines&#8221; tbl_frame_line_color=&#8221;#35679B&#8221; tbl_chead_cell_color=&#8221;#55779b&#8221; tbl_chead_cell_align_vert=&#8221;center&#8221; _builder_version=&#8221;4.27.4&#8243; _module_preset=&#8221;default&#8221; border_width_all=&#8221;0px&#8221; border_color_all=&#8221;#35679B&#8221; global_colors_info=&#8221;{}&#8221;][dvmd_table_maker_item col_label=&#8221;Curso&#8221; col_content=&#8221;2027 Ikastaroak<br \/>\nAlpinismo (hastapena)<br \/>\nElur mota guztiak jaisteko teknikak<br \/>\nMendiko Eskia<br \/>\nIzotz Eskalada &#8221; col_icon_size=&#8221;1px&#8221; _builder_version=&#8221;4.27.4&#8243; _module_preset=&#8221;default&#8221; global_colors_info=&#8221;{}&#8221;][\/dvmd_table_maker_item][dvmd_table_maker_item col_label=&#8221;Fechas&#8221; col_content=&#8221;<br \/>\nUrtarrila 9, 10<br \/>\nUrtarrila 16, 17<br \/>\nUrtarrila 23, 24<br \/>\nUrtarrila 30, 31&#8243; col_column_max_width=&#8221;0.3fr&#8221; col_icon_size=&#8221;1px&#8221; _builder_version=&#8221;4.27.4&#8243; _module_preset=&#8221;default&#8221; global_colors_info=&#8221;{}&#8221;][\/dvmd_table_maker_item][\/dvmd_table_maker][\/et_pb_column][\/et_pb_row][et_pb_row _builder_version=&#8221;4.17.3&#8243; _module_preset=&#8221;default&#8221; global_colors_info=&#8221;{}&#8221;][et_pb_column type=&#8221;4_4&#8243; _builder_version=&#8221;4.17.3&#8243; _module_preset=&#8221;default&#8221; global_colors_info=&#8221;{}&#8221;][et_pb_text _builder_version=&#8221;4.18.0&#8243; _module_preset=&#8221;default&#8221; global_colors_info=&#8221;{}&#8221;]<\/p>\n<h3>OHARRAK<\/h3>\n<ul>\n<li>Ikastaroak hasi baino hilabete lehenago, ikastaroen informazio osoa argitaratzen da Gipuzkoako Mendizale Federazioaren webgunean eta elkarte guztiei, harpidetutako federatuei eta komunikabideei bidaltzen zaien newsletterretan.<\/li>\n<li>Egutegi honi lotutako ikastaro ofizialak bezala, ikastaro berak antola ditzake GGMEk bakoitzaren interesen araberako egunetan ere, hala eskatzen dutenentzat (partikularrak, elkarteak, ikastetxeak, etab.).<\/li>\n<li>Informazio gehiago nahi izanez gero, jo ezazue Gipuzkoako Mendizale Federazioaren idazkaritzara (Tel.: 943.461.440 \u2013 e-mail: <a href=\"mailto:gmf-administrazioa@kirolak.net\">gmf-administrazioa@kirolak.net<\/a><\/li>\n<li>Norbaitek ikastaro baten egitaraua jaso nahi izango balu, helbide elektronikora eskakizuna bidal dezala. On-line ikastaroen izenematea egin daiteke: <a href=\"http:\/\/www.gmf-fgm.org\" target=\"_blank\" rel=\"noopener\" title=\"GMF\">www.gmf.eus<\/a><\/li>\n<\/ul>\n<p>[\/et_pb_text][\/et_pb_column][\/et_pb_row][\/et_pb_section][et_pb_section fb_built=&#8221;1&#8243; admin_label=&#8221;cursos&#8221; _builder_version=&#8221;4.17.4&#8243; _module_preset=&#8221;default&#8221; background_color=&#8221;#f2f2f2&#8243; custom_padding=&#8221;||0px|||&#8221; locked=&#8221;off&#8221; global_colors_info=&#8221;{}&#8221;][et_pb_row _builder_version=&#8221;4.16&#8243; _module_preset=&#8221;default&#8221; custom_padding=&#8221;0px||0px|||&#8221; global_colors_info=&#8221;{}&#8221;][et_pb_column type=&#8221;4_4&#8243; _builder_version=&#8221;4.16&#8243; _module_preset=&#8221;default&#8221; global_colors_info=&#8221;{}&#8221;][et_pb_text _builder_version=&#8221;4.18.0&#8243; _module_preset=&#8221;default&#8221; header_text_align=&#8221;center&#8221; header_text_color=&#8221;#35679B&#8221; header_2_font=&#8221;|600|||||||&#8221; header_2_text_align=&#8221;center&#8221; header_2_text_color=&#8221;#35679B&#8221; locked=&#8221;off&#8221; global_colors_info=&#8221;{}&#8221;]<\/p>\n<h2><span>IKASTAROAK<\/span><\/h2>\n<p>[\/et_pb_text][et_pb_text _builder_version=&#8221;4.27.4&#8243; _module_preset=&#8221;default&#8221; header_text_align=&#8221;center&#8221; header_text_color=&#8221;#35679B&#8221; header_2_font=&#8221;|600|||||||&#8221; header_2_text_align=&#8221;center&#8221; header_2_text_color=&#8221;#35679B&#8221; locked=&#8221;off&#8221; global_colors_info=&#8221;{}&#8221;]<\/p>\n<p>Izena emateko epea eta informazio guztia ikastaro bakoitzaren eguna baino 25-30 egun lehenago irekiko da. Jarraian agertzen diren ikastaroak aktibo daude. Batzuek izena emateko epea zabalik dute eta beste batzuk beteta daude, baina bertan mantentzen ditugu izena eman dutenek oinarriak kontsultatu ahal ditzaten.<\/p>\n<p>[\/et_pb_text][et_pb_de_mach_archive_loop post_type_choose=&#8221;off|off|off|off|off|off|off|off|on|off&#8221; loop_layout=&#8221;225482&#8243; no_posts_layout=&#8221;225474&#8243; include_cats=&#8221;goimendieskolaeus&#8221; equal_height=&#8221;off&#8221; align_last_bottom=&#8221;off&#8221; columns=&#8221;3&#8243; _builder_version=&#8221;4.20.0&#8243; _module_preset=&#8221;default&#8221; title_font=&#8221;||||||||&#8221; global_colors_info=&#8221;{}&#8221;][\/et_pb_de_mach_archive_loop][\/et_pb_column][\/et_pb_row][\/et_pb_section]<\/p>\n","protected":false},"excerpt":{"rendered":"<p>GIPUZKOAKO GOI MENDI ESKOLA Gipuzkoako mendizale Federazioaren erakunde tekniko eta pedagogikoa da eta hurrengo helburu nagusiak betetzea da erakundearen xedea: GGMEren helburua da mendi-kirolaren alderdi guztien hastapena, zabalkuntza eta ikasketa, baita mendiarekin zerikusia duten lan eta ikerketak sustatzea ere, historia, zientzia nahiz heziketa aldetik. GGMEk alde guztietatik heldu behar dio mendi-kirolari, era xumeenetik hasi eta [&hellip;]<\/p>\n","protected":false},"author":1,"featured_media":0,"parent":0,"menu_order":0,"comment_status":"closed","ping_status":"closed","template":"","meta":{"_acf_changed":false,"_et_pb_use_builder":"on","_et_pb_old_content":"","_et_gb_content_width":"","footnotes":""},"class_list":["post-224816","page","type-page","status-publish","hentry"],"acf":[],"yoast_head":"<!-- This site is optimized with the Yoast SEO plugin v27.4 - https:\/\/yoast.com\/product\/yoast-seo-wordpress\/ -->\n<title>Gipuzkoako Goi Mendi Eskola - Gipuzkoako Mendizale Federazioa - Federaci\u00f3n de Monta\u00f1a de Gipuzkoa<\/title>\n<meta name=\"robots\" content=\"index, follow, max-snippet:-1, max-image-preview:large, max-video-preview:-1\" \/>\n<link rel=\"canonical\" href=\"https:\/\/www.gmf.eus\/escuela-de-alta-montana\/\" \/>\n<meta property=\"og:locale\" content=\"eu_ES\" \/>\n<meta property=\"og:type\" content=\"article\" \/>\n<meta property=\"og:title\" content=\"Gipuzkoako Goi Mendi Eskola - Gipuzkoako Mendizale Federazioa - Federaci\u00f3n de Monta\u00f1a de Gipuzkoa\" \/>\n<meta property=\"og:description\" content=\"GIPUZKOAKO GOI MENDI ESKOLA Gipuzkoako mendizale Federazioaren erakunde tekniko eta pedagogikoa da eta hurrengo helburu nagusiak betetzea da erakundearen xedea: GGMEren helburua da mendi-kirolaren alderdi guztien hastapena, zabalkuntza eta ikasketa, baita mendiarekin zerikusia duten lan eta ikerketak sustatzea ere, historia, zientzia nahiz heziketa aldetik. GGMEk alde guztietatik heldu behar dio mendi-kirolari, era xumeenetik hasi eta [&hellip;]\" \/>\n<meta property=\"og:site_name\" content=\"Gipuzkoako Mendizale Federazioa - Federaci\u00f3n de Monta\u00f1a de Gipuzkoa\" \/>\n<meta property=\"article:modified_time\" content=\"2025-12-10T08:54:00+00:00\" \/>\n<meta name=\"twitter:card\" content=\"summary_large_image\" \/>\n<meta name=\"twitter:label1\" content=\"Est. reading time\" \/>\n\t<meta name=\"twitter:data1\" content=\"5 minutes\" \/>\n<script type=\"application\/ld+json\" class=\"yoast-schema-graph\">{\"@context\":\"https:\\\/\\\/schema.org\",\"@graph\":[{\"@type\":\"WebPage\",\"@id\":\"https:\\\/\\\/www.gmf.eus\\\/escuela-de-alta-montana\\\/\",\"url\":\"https:\\\/\\\/www.gmf.eus\\\/escuela-de-alta-montana\\\/\",\"name\":\"Gipuzkoako Goi Mendi Eskola - Gipuzkoako Mendizale Federazioa - Federaci\u00f3n de Monta\u00f1a de Gipuzkoa\",\"isPartOf\":{\"@id\":\"https:\\\/\\\/www.gmf.eus\\\/#website\"},\"datePublished\":\"2022-07-26T21:19:42+00:00\",\"dateModified\":\"2025-12-10T08:54:00+00:00\",\"breadcrumb\":{\"@id\":\"https:\\\/\\\/www.gmf.eus\\\/escuela-de-alta-montana\\\/#breadcrumb\"},\"inLanguage\":\"eu-ES\",\"potentialAction\":[{\"@type\":\"ReadAction\",\"target\":[\"https:\\\/\\\/www.gmf.eus\\\/escuela-de-alta-montana\\\/\"]}]},{\"@type\":\"BreadcrumbList\",\"@id\":\"https:\\\/\\\/www.gmf.eus\\\/escuela-de-alta-montana\\\/#breadcrumb\",\"itemListElement\":[{\"@type\":\"ListItem\",\"position\":1,\"name\":\"Portada\",\"item\":\"https:\\\/\\\/www.gmf.eus\\\/\"},{\"@type\":\"ListItem\",\"position\":2,\"name\":\"Gipuzkoako Goi Mendi Eskola\"}]},{\"@type\":\"WebSite\",\"@id\":\"https:\\\/\\\/www.gmf.eus\\\/#website\",\"url\":\"https:\\\/\\\/www.gmf.eus\\\/\",\"name\":\"Gipuzkoako Mendizale Federazioa - Federaci\u00f3n de Monta\u00f1a de Gipuzkoa\",\"description\":\"Federacion de monta\u00f1a de gipuzkoa, en la que encontrar\u00e1s noticias de escalada, cursos online, competici\u00f3n, senderismo, actualidad...\",\"publisher\":{\"@id\":\"https:\\\/\\\/www.gmf.eus\\\/#organization\"},\"potentialAction\":[{\"@type\":\"SearchAction\",\"target\":{\"@type\":\"EntryPoint\",\"urlTemplate\":\"https:\\\/\\\/www.gmf.eus\\\/?s={search_term_string}\"},\"query-input\":{\"@type\":\"PropertyValueSpecification\",\"valueRequired\":true,\"valueName\":\"search_term_string\"}}],\"inLanguage\":\"eu-ES\"},{\"@type\":\"Organization\",\"@id\":\"https:\\\/\\\/www.gmf.eus\\\/#organization\",\"name\":\"Gipuzkoako Mendizale Federazioa - Federaci\u00f3n de Monta\u00f1a de Gipuzkoa\",\"url\":\"https:\\\/\\\/www.gmf.eus\\\/\",\"logo\":{\"@type\":\"ImageObject\",\"inLanguage\":\"eu-ES\",\"@id\":\"https:\\\/\\\/www.gmf.eus\\\/#\\\/schema\\\/logo\\\/image\\\/\",\"url\":\"https:\\\/\\\/www.gmf.eus\\\/wp-content\\\/uploads\\\/2022\\\/09\\\/GMF-logo_newsletter-1.png\",\"contentUrl\":\"https:\\\/\\\/www.gmf.eus\\\/wp-content\\\/uploads\\\/2022\\\/09\\\/GMF-logo_newsletter-1.png\",\"width\":150,\"height\":68,\"caption\":\"Gipuzkoako Mendizale Federazioa - Federaci\u00f3n de Monta\u00f1a de Gipuzkoa\"},\"image\":{\"@id\":\"https:\\\/\\\/www.gmf.eus\\\/#\\\/schema\\\/logo\\\/image\\\/\"}}]}<\/script>\n<!-- \/ Yoast SEO plugin. -->","yoast_head_json":{"title":"Gipuzkoako Goi Mendi Eskola - Gipuzkoako Mendizale Federazioa - Federaci\u00f3n de Monta\u00f1a de Gipuzkoa","robots":{"index":"index","follow":"follow","max-snippet":"max-snippet:-1","max-image-preview":"max-image-preview:large","max-video-preview":"max-video-preview:-1"},"canonical":"https:\/\/www.gmf.eus\/escuela-de-alta-montana\/","og_locale":"eu_ES","og_type":"article","og_title":"Gipuzkoako Goi Mendi Eskola - Gipuzkoako Mendizale Federazioa - Federaci\u00f3n de Monta\u00f1a de Gipuzkoa","og_description":"GIPUZKOAKO GOI MENDI ESKOLA Gipuzkoako mendizale Federazioaren erakunde tekniko eta pedagogikoa da eta hurrengo helburu nagusiak betetzea da erakundearen xedea: GGMEren helburua da mendi-kirolaren alderdi guztien hastapena, zabalkuntza eta ikasketa, baita mendiarekin zerikusia duten lan eta ikerketak sustatzea ere, historia, zientzia nahiz heziketa aldetik. GGMEk alde guztietatik heldu behar dio mendi-kirolari, era xumeenetik hasi eta [&hellip;]","og_site_name":"Gipuzkoako Mendizale Federazioa - Federaci\u00f3n de Monta\u00f1a de Gipuzkoa","article_modified_time":"2025-12-10T08:54:00+00:00","twitter_card":"summary_large_image","twitter_misc":{"Est. reading time":"5 minutes"},"schema":{"@context":"https:\/\/schema.org","@graph":[{"@type":"WebPage","@id":"https:\/\/www.gmf.eus\/escuela-de-alta-montana\/","url":"https:\/\/www.gmf.eus\/escuela-de-alta-montana\/","name":"Gipuzkoako Goi Mendi Eskola - Gipuzkoako Mendizale Federazioa - Federaci\u00f3n de Monta\u00f1a de Gipuzkoa","isPartOf":{"@id":"https:\/\/www.gmf.eus\/#website"},"datePublished":"2022-07-26T21:19:42+00:00","dateModified":"2025-12-10T08:54:00+00:00","breadcrumb":{"@id":"https:\/\/www.gmf.eus\/escuela-de-alta-montana\/#breadcrumb"},"inLanguage":"eu-ES","potentialAction":[{"@type":"ReadAction","target":["https:\/\/www.gmf.eus\/escuela-de-alta-montana\/"]}]},{"@type":"BreadcrumbList","@id":"https:\/\/www.gmf.eus\/escuela-de-alta-montana\/#breadcrumb","itemListElement":[{"@type":"ListItem","position":1,"name":"Portada","item":"https:\/\/www.gmf.eus\/"},{"@type":"ListItem","position":2,"name":"Gipuzkoako Goi Mendi Eskola"}]},{"@type":"WebSite","@id":"https:\/\/www.gmf.eus\/#website","url":"https:\/\/www.gmf.eus\/","name":"Gipuzkoako Mendizale Federazioa - Federaci\u00f3n de Monta\u00f1a de Gipuzkoa","description":"Federacion de monta\u00f1a de gipuzkoa, en la que encontrar\u00e1s noticias de escalada, cursos online, competici\u00f3n, senderismo, actualidad...","publisher":{"@id":"https:\/\/www.gmf.eus\/#organization"},"potentialAction":[{"@type":"SearchAction","target":{"@type":"EntryPoint","urlTemplate":"https:\/\/www.gmf.eus\/?s={search_term_string}"},"query-input":{"@type":"PropertyValueSpecification","valueRequired":true,"valueName":"search_term_string"}}],"inLanguage":"eu-ES"},{"@type":"Organization","@id":"https:\/\/www.gmf.eus\/#organization","name":"Gipuzkoako Mendizale Federazioa - Federaci\u00f3n de Monta\u00f1a de Gipuzkoa","url":"https:\/\/www.gmf.eus\/","logo":{"@type":"ImageObject","inLanguage":"eu-ES","@id":"https:\/\/www.gmf.eus\/#\/schema\/logo\/image\/","url":"https:\/\/www.gmf.eus\/wp-content\/uploads\/2022\/09\/GMF-logo_newsletter-1.png","contentUrl":"https:\/\/www.gmf.eus\/wp-content\/uploads\/2022\/09\/GMF-logo_newsletter-1.png","width":150,"height":68,"caption":"Gipuzkoako Mendizale Federazioa - Federaci\u00f3n de Monta\u00f1a de Gipuzkoa"},"image":{"@id":"https:\/\/www.gmf.eus\/#\/schema\/logo\/image\/"}}]}},"_links":{"self":[{"href":"https:\/\/www.gmf.eus\/eu\/wp-json\/wp\/v2\/pages\/224816","targetHints":{"allow":["GET"]}}],"collection":[{"href":"https:\/\/www.gmf.eus\/eu\/wp-json\/wp\/v2\/pages"}],"about":[{"href":"https:\/\/www.gmf.eus\/eu\/wp-json\/wp\/v2\/types\/page"}],"author":[{"embeddable":true,"href":"https:\/\/www.gmf.eus\/eu\/wp-json\/wp\/v2\/users\/1"}],"replies":[{"embeddable":true,"href":"https:\/\/www.gmf.eus\/eu\/wp-json\/wp\/v2\/comments?post=224816"}],"version-history":[{"count":4,"href":"https:\/\/www.gmf.eus\/eu\/wp-json\/wp\/v2\/pages\/224816\/revisions"}],"predecessor-version":[{"id":234515,"href":"https:\/\/www.gmf.eus\/eu\/wp-json\/wp\/v2\/pages\/224816\/revisions\/234515"}],"wp:attachment":[{"href":"https:\/\/www.gmf.eus\/eu\/wp-json\/wp\/v2\/media?parent=224816"}],"curies":[{"name":"wp","href":"https:\/\/api.w.org\/{rel}","templated":true}]}}