{"id":225160,"date":"2022-07-28T11:06:45","date_gmt":"2022-07-28T11:06:45","guid":{"rendered":"https:\/\/beta.gmf.eus\/?page_id=225160"},"modified":"2022-10-04T13:01:43","modified_gmt":"2022-10-04T11:01:43","slug":"buzoiak","status":"publish","type":"page","link":"https:\/\/www.gmf.eus\/eu\/buzoiak\/","title":{"rendered":"Buzoiak"},"content":{"rendered":"<p>[et_pb_section fb_built=&#8221;1&#8243; _builder_version=&#8221;4.16&#8243; _module_preset=&#8221;default&#8221; custom_padding=&#8221;||0px|||&#8221; locked=&#8221;off&#8221; global_colors_info=&#8221;{}&#8221;][et_pb_row _builder_version=&#8221;4.16&#8243; _module_preset=&#8221;default&#8221; custom_padding=&#8221;||0px|||&#8221; global_colors_info=&#8221;{}&#8221;][et_pb_column type=&#8221;4_4&#8243; _builder_version=&#8221;4.16&#8243; _module_preset=&#8221;default&#8221; global_colors_info=&#8221;{}&#8221;][et_pb_post_title meta=&#8221;off&#8221; featured_image=&#8221;off&#8221; _builder_version=&#8221;4.16&#8243; _module_preset=&#8221;default&#8221; title_font=&#8221;|||on|||||&#8221; title_text_color=&#8221;#35679B&#8221; global_colors_info=&#8221;{}&#8221;][\/et_pb_post_title][\/et_pb_column][\/et_pb_row][\/et_pb_section][et_pb_section fb_built=&#8221;1&#8243; _builder_version=&#8221;4.17.3&#8243; _module_preset=&#8221;default&#8221; custom_margin=&#8221;||||false|false&#8221; custom_padding=&#8221;0px||0px|||&#8221; locked=&#8221;off&#8221; global_colors_info=&#8221;{}&#8221;][et_pb_row admin_label=&#8221;Quienes Somos&#8221; module_id=&#8221;quienes-somos&#8221; _builder_version=&#8221;4.16&#8243; _module_preset=&#8221;default&#8221; custom_padding=&#8221;||||false|false&#8221; global_colors_info=&#8221;{}&#8221;][et_pb_column type=&#8221;4_4&#8243; _builder_version=&#8221;4.16&#8243; _module_preset=&#8221;default&#8221; global_colors_info=&#8221;{}&#8221;][et_pb_text _builder_version=&#8221;4.18.0&#8243; _module_preset=&#8221;default&#8221; header_2_font=&#8221;||on||on||||&#8221; header_2_text_color=&#8221;#4AA000&#8243; header_2_font_size=&#8221;24px&#8221; custom_margin=&#8221;||||false|false&#8221; hover_enabled=&#8221;0&#8243; locked=&#8221;off&#8221; global_colors_info=&#8221;{}&#8221; sticky_enabled=&#8221;0&#8243;]<\/p>\n<h5><strong>GIPUZKOAKO LURRALDE HISTORIKOAN MENDI GAILURRETAKO GUTUNONTZIAK JARTZEKO ARAUDIA<\/strong><\/h5>\n<p>Gipuzkoako mendi gailurretako gutunontziei dagokien instalazioa, mantenua, birjarpena, desinstalazioa eta ingurumen-sentikortasuna arautzeko asmoz, araudi hau onartzen da.<\/p>\n<p>Euskal Herriko mendi elkarteei edota berezko Euskal eta lurraldeko federazioei era esklusiboan dagokie gure mendi gailurretako gutunontziak jartzeko, mantentzeko, berritzeko, eta desinstalatzeko ahalmena.<\/p>\n<p>Gipuzkoako Mendi Federazioari (GMF-ri), era esklusiboan dagokio, dokumentu honetan zerrendatutako ekintzei baimen egokiak emateko edo ukatzeko ahalmena Gipuzkoako lurralde historikoaren eremuan.<\/p>\n<p>[\/et_pb_text][et_pb_button button_url=&#8221;https:\/\/www.dropbox.com\/s\/eybcpn4noyfkvif\/Gipuzkoako%20buzoien%20arautegia.pdf?dl=0&#8243; url_new_window=&#8221;on&#8221; button_text=&#8221;Buzoien arautegia&#8221; button_alignment=&#8221;center&#8221; _builder_version=&#8221;4.18.0&#8243; _module_preset=&#8221;default&#8221; custom_button=&#8221;on&#8221; button_text_size=&#8221;16px&#8221; button_bg_color=&#8221;#35679B&#8221; button_border_width=&#8221;0px&#8221; button_border_color=&#8221;#4DB8E2&#8243; button_icon=&#8221;&#xf1c1;||fa||900&#8243; button_icon_placement=&#8221;left&#8221; button_on_hover=&#8221;off&#8221; hover_enabled=&#8221;0&#8243; locked=&#8221;off&#8221; global_colors_info=&#8221;{}&#8221; sticky_enabled=&#8221;0&#8243;][\/et_pb_button][\/et_pb_column][\/et_pb_row][et_pb_row admin_label=&#8221;Quienes Somos&#8221; module_id=&#8221;quienes-somos&#8221; _builder_version=&#8221;4.16&#8243; _module_preset=&#8221;default&#8221; custom_padding=&#8221;||||false|false&#8221; global_colors_info=&#8221;{}&#8221;][et_pb_column type=&#8221;4_4&#8243; _builder_version=&#8221;4.16&#8243; _module_preset=&#8221;default&#8221; global_colors_info=&#8221;{}&#8221;][et_pb_text _builder_version=&#8221;4.17.6&#8243; _module_preset=&#8221;default&#8221; header_2_font=&#8221;||on||on||||&#8221; header_2_text_color=&#8221;#4AA000&#8243; header_2_font_size=&#8221;24px&#8221; custom_margin=&#8221;||||false|false&#8221; locked=&#8221;off&#8221; global_colors_info=&#8221;{}&#8221;]<\/p>\n<p><span><strong>&#8220;Gipuzkoako buzoiak&#8221;<\/strong> proiektua burutu dute <a href=\"https:\/\/urdaburu.eus\/es\/2021\/07\/terminados-los-buzones-de-gipuzkoa\/\" target=\"_blank\" rel=\"noopener\" title=\"Urdaburu Mendizale Elkartea\">Urdaburu Mendizale Elkarteko kideak. <\/a><\/span>Eskertu nahi dugu parte hartu duten pertsona guztiak 310 zerrendan dauden mendiak burutzeagaitik.<\/p>\n<p><strong>MENDI ZERRENDAREN XEHETASUNAK<\/strong><\/p>\n<p><span>Gipuzkoan buzoiei buruzko zerrenda espezifikorik gabe, ez da erreza erreferentziazko zerrenda bat finkatzea. Hainbat iturri arakatu ondoren, eta gutxi gora beherako zenbaketa batekin gerturatu ostean,\u00a0<\/span><a href=\"https:\/\/www.mendikat.net\/\">https:\/\/www.mendikat.net<\/a><span>\u00a0webguneko zerrenda iruditu zaie aproposena. Zehazki, 2020-12-31an zituen 1. mailako 112 mendiak eta 2. mailako 200 mendiak (3. mailako 500 mendiak baztertuz). Praktikoki 1. mailako guztiek eta 2. mailako ia denek buzoia badutela ikusi ondoren, eta 3. mailakoetan buzoi gutxi egotea espero delarik (Aralar eta Aizkorrin ez beste).<\/span><\/p>\n<p><span>Bigarren mailako 2 mendi baztertu dituzte, beraien eskalada edo igoera debekatuta edo hesituta dagoelako: Anduitzeko Haitzorrotza (646) Aralar-Arritzagan, eta Faro de la Plata (139) Pasaian. Honekin\u00a0<\/span><strong>310 mendi<\/strong><span>ko zerrenda bat finkatu dute. Horietatik buzoi gabeko 10-15 leudeke, hauetako gehienek gurutze bat edo geodesikoa badutelarik. Hala ere mendi hauek ere igoko dituzte, buzoirik ez dutela egiaztatzeko eta behintzat taldearen argazkia ateratzeko.<\/span><\/p>\n<p>[\/et_pb_text][et_pb_button button_url=&#8221;https:\/\/onedrive.live.com\/?authkey=%21AJp8QEL5XAU0Eck&#038;id=C7432AF8BBF5BF78%212518&#038;cid=C7432AF8BBF5BF78&#8243; url_new_window=&#8221;on&#8221; button_text=&#8221;Excel zerrenda jeitsi&#8221; button_alignment=&#8221;center&#8221; _builder_version=&#8221;4.17.6&#8243; _module_preset=&#8221;default&#8221; custom_button=&#8221;on&#8221; button_text_size=&#8221;16px&#8221; button_bg_color=&#8221;#35679B&#8221; button_border_width=&#8221;0px&#8221; button_border_color=&#8221;#4DB8E2&#8243; button_icon=&#8221;&#xf1c1;||fa||900&#8243; button_icon_placement=&#8221;left&#8221; button_on_hover=&#8221;off&#8221; locked=&#8221;off&#8221; global_colors_info=&#8221;{}&#8221;][\/et_pb_button][\/et_pb_column][\/et_pb_row][et_pb_row _builder_version=&#8221;4.17.3&#8243; _module_preset=&#8221;default&#8221; global_colors_info=&#8221;{}&#8221;][et_pb_column type=&#8221;4_4&#8243; _builder_version=&#8221;4.17.3&#8243; _module_preset=&#8221;default&#8221; global_colors_info=&#8221;{}&#8221;][et_pb_code _builder_version=&#8221;4.17.6&#8243; _module_preset=&#8221;default&#8221; global_colors_info=&#8221;{}&#8221;]<iframe width='100%' height='640px' src='https:\/\/www.arcgis.com\/apps\/View\/index.html?appid=20dc937047424572b920ad73ead22d47&#038;extent=-2.1301,43.1373,-1.8664,43.2366' frameborder='0' scrolling='no'><\/iframe>[\/et_pb_code][\/et_pb_column][\/et_pb_row][\/et_pb_section]<\/p>\n","protected":false},"excerpt":{"rendered":"<p>GIPUZKOAKO LURRALDE HISTORIKOAN MENDI GAILURRETAKO GUTUNONTZIAK JARTZEKO ARAUDIA Gipuzkoako mendi gailurretako gutunontziei dagokien instalazioa, mantenua, birjarpena, desinstalazioa eta ingurumen-sentikortasuna arautzeko asmoz, araudi hau onartzen da. Euskal Herriko mendi elkarteei edota berezko Euskal eta lurraldeko federazioei era esklusiboan dagokie gure mendi gailurretako gutunontziak jartzeko, mantentzeko, berritzeko, eta desinstalatzeko ahalmena. Gipuzkoako Mendi Federazioari (GMF-ri), era esklusiboan dagokio, [&hellip;]<\/p>\n","protected":false},"author":1,"featured_media":0,"parent":0,"menu_order":0,"comment_status":"closed","ping_status":"closed","template":"","meta":{"_acf_changed":false,"_et_pb_use_builder":"on","_et_pb_old_content":"","_et_gb_content_width":"","footnotes":""},"class_list":["post-225160","page","type-page","status-publish","hentry"],"acf":[],"yoast_head":"<!-- This site is optimized with the Yoast SEO plugin v27.6 - https:\/\/yoast.com\/product\/yoast-seo-wordpress\/ -->\n<title>Buzoiak - Gipuzkoako Mendizale Federazioa - Federaci\u00f3n de Monta\u00f1a de Gipuzkoa<\/title>\n<meta name=\"robots\" content=\"index, follow, max-snippet:-1, max-image-preview:large, max-video-preview:-1\" \/>\n<link rel=\"canonical\" href=\"https:\/\/www.gmf.eus\/buzones\/\" \/>\n<meta property=\"og:locale\" content=\"eu_ES\" \/>\n<meta property=\"og:type\" content=\"article\" \/>\n<meta property=\"og:title\" content=\"Buzoiak - Gipuzkoako Mendizale Federazioa - Federaci\u00f3n de Monta\u00f1a de Gipuzkoa\" \/>\n<meta property=\"og:description\" content=\"GIPUZKOAKO LURRALDE HISTORIKOAN MENDI GAILURRETAKO GUTUNONTZIAK JARTZEKO ARAUDIA Gipuzkoako mendi gailurretako gutunontziei dagokien instalazioa, mantenua, birjarpena, desinstalazioa eta ingurumen-sentikortasuna arautzeko asmoz, araudi hau onartzen da. Euskal Herriko mendi elkarteei edota berezko Euskal eta lurraldeko federazioei era esklusiboan dagokie gure mendi gailurretako gutunontziak jartzeko, mantentzeko, berritzeko, eta desinstalatzeko ahalmena. Gipuzkoako Mendi Federazioari (GMF-ri), era esklusiboan dagokio, [&hellip;]\" \/>\n<meta property=\"og:site_name\" content=\"Gipuzkoako Mendizale Federazioa - Federaci\u00f3n de Monta\u00f1a de Gipuzkoa\" \/>\n<meta property=\"article:modified_time\" content=\"2022-10-04T11:01:43+00:00\" \/>\n<meta name=\"twitter:card\" content=\"summary_large_image\" \/>\n<meta name=\"twitter:label1\" content=\"Est. reading time\" \/>\n\t<meta name=\"twitter:data1\" content=\"3 minutes\" \/>\n<script type=\"application\/ld+json\" class=\"yoast-schema-graph\">{\"@context\":\"https:\\\/\\\/schema.org\",\"@graph\":[{\"@type\":\"WebPage\",\"@id\":\"https:\\\/\\\/www.gmf.eus\\\/buzones\\\/\",\"url\":\"https:\\\/\\\/www.gmf.eus\\\/buzones\\\/\",\"name\":\"Buzoiak - Gipuzkoako Mendizale Federazioa - Federaci\u00f3n de Monta\u00f1a de Gipuzkoa\",\"isPartOf\":{\"@id\":\"https:\\\/\\\/www.gmf.eus\\\/#website\"},\"datePublished\":\"2022-07-28T11:06:45+00:00\",\"dateModified\":\"2022-10-04T11:01:43+00:00\",\"breadcrumb\":{\"@id\":\"https:\\\/\\\/www.gmf.eus\\\/buzones\\\/#breadcrumb\"},\"inLanguage\":\"eu-ES\",\"potentialAction\":[{\"@type\":\"ReadAction\",\"target\":[\"https:\\\/\\\/www.gmf.eus\\\/buzones\\\/\"]}]},{\"@type\":\"BreadcrumbList\",\"@id\":\"https:\\\/\\\/www.gmf.eus\\\/buzones\\\/#breadcrumb\",\"itemListElement\":[{\"@type\":\"ListItem\",\"position\":1,\"name\":\"Portada\",\"item\":\"https:\\\/\\\/www.gmf.eus\\\/\"},{\"@type\":\"ListItem\",\"position\":2,\"name\":\"Buzoiak\"}]},{\"@type\":\"WebSite\",\"@id\":\"https:\\\/\\\/www.gmf.eus\\\/#website\",\"url\":\"https:\\\/\\\/www.gmf.eus\\\/\",\"name\":\"Gipuzkoako Mendizale Federazioa - Federaci\u00f3n de Monta\u00f1a de Gipuzkoa\",\"description\":\"Federacion de monta\u00f1a de gipuzkoa, en la que encontrar\u00e1s noticias de escalada, cursos online, competici\u00f3n, senderismo, actualidad...\",\"publisher\":{\"@id\":\"https:\\\/\\\/www.gmf.eus\\\/#organization\"},\"potentialAction\":[{\"@type\":\"SearchAction\",\"target\":{\"@type\":\"EntryPoint\",\"urlTemplate\":\"https:\\\/\\\/www.gmf.eus\\\/?s={search_term_string}\"},\"query-input\":{\"@type\":\"PropertyValueSpecification\",\"valueRequired\":true,\"valueName\":\"search_term_string\"}}],\"inLanguage\":\"eu-ES\"},{\"@type\":\"Organization\",\"@id\":\"https:\\\/\\\/www.gmf.eus\\\/#organization\",\"name\":\"Gipuzkoako Mendizale Federazioa - Federaci\u00f3n de Monta\u00f1a de Gipuzkoa\",\"url\":\"https:\\\/\\\/www.gmf.eus\\\/\",\"logo\":{\"@type\":\"ImageObject\",\"inLanguage\":\"eu-ES\",\"@id\":\"https:\\\/\\\/www.gmf.eus\\\/#\\\/schema\\\/logo\\\/image\\\/\",\"url\":\"https:\\\/\\\/www.gmf.eus\\\/wp-content\\\/uploads\\\/2022\\\/09\\\/GMF-logo_newsletter-1.png\",\"contentUrl\":\"https:\\\/\\\/www.gmf.eus\\\/wp-content\\\/uploads\\\/2022\\\/09\\\/GMF-logo_newsletter-1.png\",\"width\":150,\"height\":68,\"caption\":\"Gipuzkoako Mendizale Federazioa - Federaci\u00f3n de Monta\u00f1a de Gipuzkoa\"},\"image\":{\"@id\":\"https:\\\/\\\/www.gmf.eus\\\/#\\\/schema\\\/logo\\\/image\\\/\"}}]}<\/script>\n<!-- \/ Yoast SEO plugin. -->","yoast_head_json":{"title":"Buzoiak - Gipuzkoako Mendizale Federazioa - Federaci\u00f3n de Monta\u00f1a de Gipuzkoa","robots":{"index":"index","follow":"follow","max-snippet":"max-snippet:-1","max-image-preview":"max-image-preview:large","max-video-preview":"max-video-preview:-1"},"canonical":"https:\/\/www.gmf.eus\/buzones\/","og_locale":"eu_ES","og_type":"article","og_title":"Buzoiak - Gipuzkoako Mendizale Federazioa - Federaci\u00f3n de Monta\u00f1a de Gipuzkoa","og_description":"GIPUZKOAKO LURRALDE HISTORIKOAN MENDI GAILURRETAKO GUTUNONTZIAK JARTZEKO ARAUDIA Gipuzkoako mendi gailurretako gutunontziei dagokien instalazioa, mantenua, birjarpena, desinstalazioa eta ingurumen-sentikortasuna arautzeko asmoz, araudi hau onartzen da. Euskal Herriko mendi elkarteei edota berezko Euskal eta lurraldeko federazioei era esklusiboan dagokie gure mendi gailurretako gutunontziak jartzeko, mantentzeko, berritzeko, eta desinstalatzeko ahalmena. Gipuzkoako Mendi Federazioari (GMF-ri), era esklusiboan dagokio, [&hellip;]","og_site_name":"Gipuzkoako Mendizale Federazioa - Federaci\u00f3n de Monta\u00f1a de Gipuzkoa","article_modified_time":"2022-10-04T11:01:43+00:00","twitter_card":"summary_large_image","twitter_misc":{"Est. reading time":"3 minutes"},"schema":{"@context":"https:\/\/schema.org","@graph":[{"@type":"WebPage","@id":"https:\/\/www.gmf.eus\/buzones\/","url":"https:\/\/www.gmf.eus\/buzones\/","name":"Buzoiak - Gipuzkoako Mendizale Federazioa - Federaci\u00f3n de Monta\u00f1a de Gipuzkoa","isPartOf":{"@id":"https:\/\/www.gmf.eus\/#website"},"datePublished":"2022-07-28T11:06:45+00:00","dateModified":"2022-10-04T11:01:43+00:00","breadcrumb":{"@id":"https:\/\/www.gmf.eus\/buzones\/#breadcrumb"},"inLanguage":"eu-ES","potentialAction":[{"@type":"ReadAction","target":["https:\/\/www.gmf.eus\/buzones\/"]}]},{"@type":"BreadcrumbList","@id":"https:\/\/www.gmf.eus\/buzones\/#breadcrumb","itemListElement":[{"@type":"ListItem","position":1,"name":"Portada","item":"https:\/\/www.gmf.eus\/"},{"@type":"ListItem","position":2,"name":"Buzoiak"}]},{"@type":"WebSite","@id":"https:\/\/www.gmf.eus\/#website","url":"https:\/\/www.gmf.eus\/","name":"Gipuzkoako Mendizale Federazioa - Federaci\u00f3n de Monta\u00f1a de Gipuzkoa","description":"Federacion de monta\u00f1a de gipuzkoa, en la que encontrar\u00e1s noticias de escalada, cursos online, competici\u00f3n, senderismo, actualidad...","publisher":{"@id":"https:\/\/www.gmf.eus\/#organization"},"potentialAction":[{"@type":"SearchAction","target":{"@type":"EntryPoint","urlTemplate":"https:\/\/www.gmf.eus\/?s={search_term_string}"},"query-input":{"@type":"PropertyValueSpecification","valueRequired":true,"valueName":"search_term_string"}}],"inLanguage":"eu-ES"},{"@type":"Organization","@id":"https:\/\/www.gmf.eus\/#organization","name":"Gipuzkoako Mendizale Federazioa - Federaci\u00f3n de Monta\u00f1a de Gipuzkoa","url":"https:\/\/www.gmf.eus\/","logo":{"@type":"ImageObject","inLanguage":"eu-ES","@id":"https:\/\/www.gmf.eus\/#\/schema\/logo\/image\/","url":"https:\/\/www.gmf.eus\/wp-content\/uploads\/2022\/09\/GMF-logo_newsletter-1.png","contentUrl":"https:\/\/www.gmf.eus\/wp-content\/uploads\/2022\/09\/GMF-logo_newsletter-1.png","width":150,"height":68,"caption":"Gipuzkoako Mendizale Federazioa - Federaci\u00f3n de Monta\u00f1a de Gipuzkoa"},"image":{"@id":"https:\/\/www.gmf.eus\/#\/schema\/logo\/image\/"}}]}},"_links":{"self":[{"href":"https:\/\/www.gmf.eus\/eu\/wp-json\/wp\/v2\/pages\/225160","targetHints":{"allow":["GET"]}}],"collection":[{"href":"https:\/\/www.gmf.eus\/eu\/wp-json\/wp\/v2\/pages"}],"about":[{"href":"https:\/\/www.gmf.eus\/eu\/wp-json\/wp\/v2\/types\/page"}],"author":[{"embeddable":true,"href":"https:\/\/www.gmf.eus\/eu\/wp-json\/wp\/v2\/users\/1"}],"replies":[{"embeddable":true,"href":"https:\/\/www.gmf.eus\/eu\/wp-json\/wp\/v2\/comments?post=225160"}],"version-history":[{"count":0,"href":"https:\/\/www.gmf.eus\/eu\/wp-json\/wp\/v2\/pages\/225160\/revisions"}],"wp:attachment":[{"href":"https:\/\/www.gmf.eus\/eu\/wp-json\/wp\/v2\/media?parent=225160"}],"curies":[{"name":"wp","href":"https:\/\/api.w.org\/{rel}","templated":true}]}}