{"id":225319,"date":"2022-03-30T20:56:20","date_gmt":"2022-03-30T20:56:20","guid":{"rendered":"https:\/\/beta.gmf.eus\/cart\/"},"modified":"2022-07-28T19:31:04","modified_gmt":"2022-07-28T19:31:04","slug":"cart","status":"publish","type":"page","link":"https:\/\/www.gmf.eus\/eu\/cart\/","title":{"rendered":"Erosketako orga"},"content":{"rendered":"<p>[et_pb_section fb_built=&#8221;1&#8243; _builder_version=&#8221;4.16.0&#8243; _module_preset=&#8221;default&#8221; custom_padding=&#8221;||0px|||&#8221; global_colors_info=&#8221;{}&#8221;][et_pb_row _builder_version=&#8221;4.16.0&#8243; _module_preset=&#8221;default&#8221; custom_padding=&#8221;||0px|||&#8221; global_colors_info=&#8221;{}&#8221;][et_pb_column type=&#8221;4_4&#8243; _builder_version=&#8221;4.16.0&#8243; _module_preset=&#8221;default&#8221; global_colors_info=&#8221;{}&#8221;][et_pb_post_title meta=&#8221;off&#8221; featured_image=&#8221;off&#8221; _builder_version=&#8221;4.16&#8243; _module_preset=&#8221;default&#8221; title_font=&#8221;|||on|||||&#8221; title_text_color=&#8221;#35679B&#8221; locked=&#8221;off&#8221; global_colors_info=&#8221;{}&#8221;][\/et_pb_post_title][et_pb_text _builder_version=&#8221;4.17.6&#8243; _module_preset=&#8221;default&#8221; header_2_font=&#8221;||on||on||||&#8221; header_2_text_color=&#8221;#4AA000&#8243; header_2_font_size=&#8221;24px&#8221; custom_margin=&#8221;||||false|false&#8221; hover_enabled=&#8221;0&#8243; locked=&#8221;off&#8221; global_colors_info=&#8221;{}&#8221; sticky_enabled=&#8221;0&#8243;]<\/p>\n<blockquote>\n<p><strong>Formakuntza egiteko material pertsonala behar izanez gero, kurtxo bakoitzean behar duzun material pertsonala begiratu. Por favor indicanos en la siguiente pantalla, el material necesites. Mesedez, behar duzun materiala hurrengo pantailan.<\/strong><\/p>\n<p><strong>Eskerrik asko.<\/strong><\/p>\n<\/blockquote>\n<p>[\/et_pb_text][\/et_pb_column][\/et_pb_row][\/et_pb_section][et_pb_section fb_built=&#8221;1&#8243; _builder_version=&#8221;4.16.0&#8243; _module_preset=&#8221;default&#8221; global_colors_info=&#8221;{}&#8221;][et_pb_row use_custom_gutter=&#8221;on&#8221; gutter_width=&#8221;2&#8243; _builder_version=&#8221;4.16.0&#8243; _module_preset=&#8221;default&#8221; width=&#8221;100%&#8221; global_colors_info=&#8221;{}&#8221;][et_pb_column type=&#8221;4_4&#8243; _builder_version=&#8221;4.16.0&#8243; _module_preset=&#8221;default&#8221; global_colors_info=&#8221;{}&#8221;][et_pb_wc_cart_products _builder_version=&#8221;4.16.0&#8243; _module_preset=&#8221;default&#8221; global_colors_info=&#8221;{}&#8221;][\/et_pb_wc_cart_products][et_pb_wc_cart_totals _builder_version=&#8221;4.16.0&#8243; _module_preset=&#8221;default&#8221; global_colors_info=&#8221;{}&#8221;][\/et_pb_wc_cart_totals][\/et_pb_column][\/et_pb_row][\/et_pb_section]<\/p>\n","protected":false},"excerpt":{"rendered":"<p>Formakuntza egiteko material pertsonala behar izanez gero, kurtxo bakoitzean behar duzun material pertsonala begiratu. Por favor indicanos en la siguiente pantalla, el material necesites. Mesedez, behar duzun materiala hurrengo pantailan. Eskerrik asko.<\/p>\n","protected":false},"author":1,"featured_media":0,"parent":0,"menu_order":0,"comment_status":"closed","ping_status":"closed","template":"","meta":{"_acf_changed":false,"_et_pb_use_builder":"on","_et_pb_old_content":"","_et_gb_content_width":"","footnotes":""},"class_list":["post-225319","page","type-page","status-publish","hentry"],"acf":[],"yoast_head":"<!-- This site is optimized with the Yoast SEO plugin v27.3 - https:\/\/yoast.com\/product\/yoast-seo-wordpress\/ -->\n<title>Erosketako orga - Gipuzkoako Mendizale Federazioa - Federaci\u00f3n de Monta\u00f1a de Gipuzkoa<\/title>\n<meta name=\"robots\" content=\"index, follow, max-snippet:-1, max-image-preview:large, max-video-preview:-1\" \/>\n<link rel=\"canonical\" href=\"https:\/\/www.gmf.eus\/eu\/cart\/\" \/>\n<meta property=\"og:locale\" content=\"eu_ES\" \/>\n<meta property=\"og:type\" content=\"article\" \/>\n<meta property=\"og:title\" content=\"Erosketako orga - Gipuzkoako Mendizale Federazioa - Federaci\u00f3n de Monta\u00f1a de Gipuzkoa\" \/>\n<meta property=\"og:description\" content=\"Formakuntza egiteko material pertsonala behar izanez gero, kurtxo bakoitzean behar duzun material pertsonala begiratu. Por favor indicanos en la siguiente pantalla, el material necesites. Mesedez, behar duzun materiala hurrengo pantailan. Eskerrik asko.\" \/>\n<meta property=\"og:site_name\" content=\"Gipuzkoako Mendizale Federazioa - Federaci\u00f3n de Monta\u00f1a de Gipuzkoa\" \/>\n<meta property=\"article:modified_time\" content=\"2022-07-28T19:31:04+00:00\" \/>\n<meta name=\"twitter:card\" content=\"summary_large_image\" \/>\n<meta name=\"twitter:label1\" content=\"Est. reading time\" \/>\n\t<meta name=\"twitter:data1\" content=\"1 minute\" \/>\n<script type=\"application\/ld+json\" class=\"yoast-schema-graph\">{\"@context\":\"https:\\\/\\\/schema.org\",\"@graph\":[{\"@type\":\"WebPage\",\"@id\":\"https:\\\/\\\/www.gmf.eus\\\/eu\\\/cart\\\/\",\"url\":\"https:\\\/\\\/www.gmf.eus\\\/eu\\\/cart\\\/\",\"name\":\"Erosketako orga - Gipuzkoako Mendizale Federazioa - Federaci\u00f3n de Monta\u00f1a de Gipuzkoa\",\"isPartOf\":{\"@id\":\"https:\\\/\\\/www.gmf.eus\\\/#website\"},\"datePublished\":\"2022-03-30T20:56:20+00:00\",\"dateModified\":\"2022-07-28T19:31:04+00:00\",\"breadcrumb\":{\"@id\":\"https:\\\/\\\/www.gmf.eus\\\/eu\\\/cart\\\/#breadcrumb\"},\"inLanguage\":\"eu-ES\",\"potentialAction\":[{\"@type\":\"ReadAction\",\"target\":[\"https:\\\/\\\/www.gmf.eus\\\/eu\\\/cart\\\/\"]}]},{\"@type\":\"BreadcrumbList\",\"@id\":\"https:\\\/\\\/www.gmf.eus\\\/eu\\\/cart\\\/#breadcrumb\",\"itemListElement\":[{\"@type\":\"ListItem\",\"position\":1,\"name\":\"Portada\",\"item\":\"https:\\\/\\\/www.gmf.eus\\\/\"},{\"@type\":\"ListItem\",\"position\":2,\"name\":\"Erosketako orga\"}]},{\"@type\":\"WebSite\",\"@id\":\"https:\\\/\\\/www.gmf.eus\\\/#website\",\"url\":\"https:\\\/\\\/www.gmf.eus\\\/\",\"name\":\"Gipuzkoako Mendizale Federazioa - Federaci\u00f3n de Monta\u00f1a de Gipuzkoa\",\"description\":\"Federacion de monta\u00f1a de gipuzkoa, en la que encontrar\u00e1s noticias de escalada, cursos online, competici\u00f3n, senderismo, actualidad...\",\"publisher\":{\"@id\":\"https:\\\/\\\/www.gmf.eus\\\/#organization\"},\"potentialAction\":[{\"@type\":\"SearchAction\",\"target\":{\"@type\":\"EntryPoint\",\"urlTemplate\":\"https:\\\/\\\/www.gmf.eus\\\/?s={search_term_string}\"},\"query-input\":{\"@type\":\"PropertyValueSpecification\",\"valueRequired\":true,\"valueName\":\"search_term_string\"}}],\"inLanguage\":\"eu-ES\"},{\"@type\":\"Organization\",\"@id\":\"https:\\\/\\\/www.gmf.eus\\\/#organization\",\"name\":\"Gipuzkoako Mendizale Federazioa - Federaci\u00f3n de Monta\u00f1a de Gipuzkoa\",\"url\":\"https:\\\/\\\/www.gmf.eus\\\/\",\"logo\":{\"@type\":\"ImageObject\",\"inLanguage\":\"eu-ES\",\"@id\":\"https:\\\/\\\/www.gmf.eus\\\/#\\\/schema\\\/logo\\\/image\\\/\",\"url\":\"https:\\\/\\\/www.gmf.eus\\\/wp-content\\\/uploads\\\/2022\\\/09\\\/GMF-logo_newsletter-1.png\",\"contentUrl\":\"https:\\\/\\\/www.gmf.eus\\\/wp-content\\\/uploads\\\/2022\\\/09\\\/GMF-logo_newsletter-1.png\",\"width\":150,\"height\":68,\"caption\":\"Gipuzkoako Mendizale Federazioa - Federaci\u00f3n de Monta\u00f1a de Gipuzkoa\"},\"image\":{\"@id\":\"https:\\\/\\\/www.gmf.eus\\\/#\\\/schema\\\/logo\\\/image\\\/\"}}]}<\/script>\n<!-- \/ Yoast SEO plugin. -->","yoast_head_json":{"title":"Erosketako orga - Gipuzkoako Mendizale Federazioa - Federaci\u00f3n de Monta\u00f1a de Gipuzkoa","robots":{"index":"index","follow":"follow","max-snippet":"max-snippet:-1","max-image-preview":"max-image-preview:large","max-video-preview":"max-video-preview:-1"},"canonical":"https:\/\/www.gmf.eus\/eu\/cart\/","og_locale":"eu_ES","og_type":"article","og_title":"Erosketako orga - Gipuzkoako Mendizale Federazioa - Federaci\u00f3n de Monta\u00f1a de Gipuzkoa","og_description":"Formakuntza egiteko material pertsonala behar izanez gero, kurtxo bakoitzean behar duzun material pertsonala begiratu. Por favor indicanos en la siguiente pantalla, el material necesites. Mesedez, behar duzun materiala hurrengo pantailan. Eskerrik asko.","og_site_name":"Gipuzkoako Mendizale Federazioa - Federaci\u00f3n de Monta\u00f1a de Gipuzkoa","article_modified_time":"2022-07-28T19:31:04+00:00","twitter_card":"summary_large_image","twitter_misc":{"Est. reading time":"1 minute"},"schema":{"@context":"https:\/\/schema.org","@graph":[{"@type":"WebPage","@id":"https:\/\/www.gmf.eus\/eu\/cart\/","url":"https:\/\/www.gmf.eus\/eu\/cart\/","name":"Erosketako orga - Gipuzkoako Mendizale Federazioa - Federaci\u00f3n de Monta\u00f1a de Gipuzkoa","isPartOf":{"@id":"https:\/\/www.gmf.eus\/#website"},"datePublished":"2022-03-30T20:56:20+00:00","dateModified":"2022-07-28T19:31:04+00:00","breadcrumb":{"@id":"https:\/\/www.gmf.eus\/eu\/cart\/#breadcrumb"},"inLanguage":"eu-ES","potentialAction":[{"@type":"ReadAction","target":["https:\/\/www.gmf.eus\/eu\/cart\/"]}]},{"@type":"BreadcrumbList","@id":"https:\/\/www.gmf.eus\/eu\/cart\/#breadcrumb","itemListElement":[{"@type":"ListItem","position":1,"name":"Portada","item":"https:\/\/www.gmf.eus\/"},{"@type":"ListItem","position":2,"name":"Erosketako orga"}]},{"@type":"WebSite","@id":"https:\/\/www.gmf.eus\/#website","url":"https:\/\/www.gmf.eus\/","name":"Gipuzkoako Mendizale Federazioa - Federaci\u00f3n de Monta\u00f1a de Gipuzkoa","description":"Federacion de monta\u00f1a de gipuzkoa, en la que encontrar\u00e1s noticias de escalada, cursos online, competici\u00f3n, senderismo, actualidad...","publisher":{"@id":"https:\/\/www.gmf.eus\/#organization"},"potentialAction":[{"@type":"SearchAction","target":{"@type":"EntryPoint","urlTemplate":"https:\/\/www.gmf.eus\/?s={search_term_string}"},"query-input":{"@type":"PropertyValueSpecification","valueRequired":true,"valueName":"search_term_string"}}],"inLanguage":"eu-ES"},{"@type":"Organization","@id":"https:\/\/www.gmf.eus\/#organization","name":"Gipuzkoako Mendizale Federazioa - Federaci\u00f3n de Monta\u00f1a de Gipuzkoa","url":"https:\/\/www.gmf.eus\/","logo":{"@type":"ImageObject","inLanguage":"eu-ES","@id":"https:\/\/www.gmf.eus\/#\/schema\/logo\/image\/","url":"https:\/\/www.gmf.eus\/wp-content\/uploads\/2022\/09\/GMF-logo_newsletter-1.png","contentUrl":"https:\/\/www.gmf.eus\/wp-content\/uploads\/2022\/09\/GMF-logo_newsletter-1.png","width":150,"height":68,"caption":"Gipuzkoako Mendizale Federazioa - Federaci\u00f3n de Monta\u00f1a de Gipuzkoa"},"image":{"@id":"https:\/\/www.gmf.eus\/#\/schema\/logo\/image\/"}}]}},"_links":{"self":[{"href":"https:\/\/www.gmf.eus\/eu\/wp-json\/wp\/v2\/pages\/225319","targetHints":{"allow":["GET"]}}],"collection":[{"href":"https:\/\/www.gmf.eus\/eu\/wp-json\/wp\/v2\/pages"}],"about":[{"href":"https:\/\/www.gmf.eus\/eu\/wp-json\/wp\/v2\/types\/page"}],"author":[{"embeddable":true,"href":"https:\/\/www.gmf.eus\/eu\/wp-json\/wp\/v2\/users\/1"}],"replies":[{"embeddable":true,"href":"https:\/\/www.gmf.eus\/eu\/wp-json\/wp\/v2\/comments?post=225319"}],"version-history":[{"count":0,"href":"https:\/\/www.gmf.eus\/eu\/wp-json\/wp\/v2\/pages\/225319\/revisions"}],"wp:attachment":[{"href":"https:\/\/www.gmf.eus\/eu\/wp-json\/wp\/v2\/media?parent=225319"}],"curies":[{"name":"wp","href":"https:\/\/api.w.org\/{rel}","templated":true}]}}