{"id":235802,"date":"2026-04-14T08:53:25","date_gmt":"2026-04-14T06:53:25","guid":{"rendered":"https:\/\/www.gmf.eus\/?post_type=product&#038;p=235802"},"modified":"2026-04-14T09:04:22","modified_gmt":"2026-04-14T07:04:22","slug":"eskalada-ikastaroa-hastapena-copia","status":"publish","type":"product","link":"https:\/\/www.gmf.eus\/eu\/produktua\/eskalada-ikastaroa-hastapena-copia\/","title":{"rendered":"Eskalada ikastaroa trebakuntza"},"content":{"rendered":"<p><strong>EGUNAK:<\/strong> Maiatzaren 9 eta 10<br \/>\n<strong>LEKUA:<\/strong> Egino<\/p>\n<p><strong>HELBURU OROKORRAK:<\/strong><br \/>\nHornituriko luze anitzetako murruetako eskalada: erabat horniturik dauden luze anitzetako bideetan burujabetasun eta segurtasunez mugitzeko beharrezko ezagutza teoriko eta praktikoak eskuratzea.<\/p>\n<p><strong>IKASLEAREN BETEKIZUNAK:<\/strong><br \/>\n\u2022 Baleko gaitasun fisikoa<br \/>\n\u2022 Jarduera burutzeko sendagilearen eragozpenik ez edukitzea<br \/>\n\u2022 Kirol eskaladan esperientzia izatea eta soka-buru moduan segurtasunez mugitzea edo kirol eskaladako hastapen ikastaroa burutua izatea.<br \/>\n\u2022 Adinekoa edo baimendun adingabea<\/p>\n<p><strong>EDUKIAK :<\/strong><br \/>\n\u2022 Soken erabilera teknikak (aurrera egiteko teknikak, soka soil eta bikoitzekin, aseguragailuak, rapelerako gailuak)<br \/>\n\u2022 Segurtasun teknikak (korapiloak errepasatu, bilguneak muntatu, sokako lehenengoari eta bigarrenari aseguratu, erretiratzea)<br \/>\n\u2022 Sokadaren aurreratze teknikak (aurreratze dinamika, errelebu edo txandak, soka-lagunen komunikazioa)<br \/>\n\u2022 Rapelatzeko teknikak (soka ezberdinekin, gailu desberdinekin, korapilo dinamikoarekin, autoblokeatzailearekin, erorikoa duten hormetan)<br \/>\n\u2022 Krokisak eta aipamenak interpretatu, jardueraren plangintza eta norbera babesteko materiala.<\/p>\n<p><strong>IKASLE KOPURUA:<\/strong> gehienez 6 \/ gutxienez 4<\/p>\n<p><strong>RATIOAK: <\/strong>irakasle bat 2 ikasleko.<\/p>\n<p><strong>PREZIOAK:<\/strong><br \/>\n\u2022 Trebakuntza: Federatua: 348 \u20ac \/ Ez federatua: 391 \u20ac<br \/>\n\u2022 Ikasleak: Federatua 278 \u20ac \/ Ez federatua: 313 \u20ac<br \/>\n\u2022 EMF federatuta dauden 15 eta 21 urte bitartean: 213 \u20ac<\/p>\n<p>%10eko deskontua ikastaroa baino 10 egun lehenago izena ematen dutenentzat. Beherapenaren kodea: <strong>ESKALADA2026<\/strong><\/p>\n<p><strong>Prezioan sartu da :<\/strong><br \/>\n\u2022 Txosten teknikoa ikastaroaren edukiekin<br \/>\n\u2022 Parte-hartze agiria<br \/>\n\u2022 G.G.M.E.ren material teknikoa erabiltzea: kaskoa.<\/p>\n<p><strong>Prezioan EZ daude :<\/strong><br \/>\n\u2022 Bidaiak<br \/>\n\u2022 Eguneko mokadua egiteko jan-edanak<\/p>\n<p><strong>NORBANAKOAREN MATERIALA:<\/strong><br \/>\n\u2022 Arnesa, kaskoa eta katu oinak.<br \/>\n\u2022 Berokia, zira, eguzkitako betaurrekoak, txanoa, eguzkitako krema.<br \/>\n\u2022 Eguneko mokadua egiteko jan-edanak.<br \/>\n\u2022 Motxila, kantinplora.<br \/>\n\u2022 Norberari jarduerarako aproposa iruditzen zaiona.<\/p>\n<p><strong>BEHAR DUZUN MATERIALA:<\/strong><br \/>\nIzen-emate inprimakian ageri den \u201cbehar duzun materiala\u201d atala, ikastaroan parte hartu ahal izateko behar beharrezkoa den, eta Federazioak eskura dezakeen (prezioaren barne dago) materialari bakarrik dagokio. Beraz, ikastaro honetarako, parte-hartzaile bakoitzak ondorengo zein segurtasun-elementu beharko lituzkeen adierazi behar du:<br \/>\n\u2022 Kaskoa.<\/p>\n<p><strong>AUKERAKO MATERIALA:<\/strong><br \/>\nSoka, segurtasunezko mosketoiak, aseguratzeko gailuak, ainguraketa kabuak, bagak,&#8230;<\/p>\n<p><strong>IKASLEENTZAKO OPARIAK:<\/strong><br \/>\n\u2022 Partaide guztiek El Mundo de los Pirineos aldizkariaren ale bana jasoko dute, Federazioaren babesle nagusia den Sua Edizioak-ek opari emanda.<\/p>\n<p><strong>OHAR GARRANTZITSUAK:<\/strong><br \/>\n\u2022 Federatutakoek: federatu txartelean estatuko estaldura izatea nahikoa da.<br \/>\n\u2022 Federatuta ez daudenek: Ikastaroaren prezioan barne asteburuko aseguru bat dago.<br \/>\n\u2022 Ikastaroaren zuzendaritzak egitasmoa aldatzeko eskubidea izango du baldin eta eguraldiaren egoerak edo bestelako zerbaitek hartara behartuko balu.<br \/>\n\u2022 Ikastaroaren zuzendaritzak ikaslea ikastarotik egozteko eskubidea izango du baldin eta ez baditu eskakizunak betetzen edota ez badu diziplinaz jokatzen.<br \/>\n\u2022 GGMEren esku dagoen materiala erabili ahal izateko, ikasleak izen-emateko orria betetzean egin beharko du eskaera.<br \/>\n<a href=\"https:\/\/www.gmf.eus\/reembolso_devoluciones\/\">Itzulketen politika.<\/a><\/p>\n<p><strong>LEHEN EGUNEKO HITZORDUA:<\/strong><br \/>\n\u2022 Zuzendaria ikastaroa baino egun batzuk lehenago ikasleekin harremanetan jarriko da, detaileak zehazteko (bidaiarako autoak, materiala etab.).<\/p>\n<p><strong>IKASTAROAREN ZUZENDARIA:<\/strong> Jon Mujika<br \/>\n<strong>TELEFONOA:<\/strong> 646 085 615<\/p>\n","protected":false},"excerpt":{"rendered":"<p>EGUNAK: Maiatzaren 9 eta 10 LEKUA: Egino HELBURU OROKORRAK: Hornituriko luze anitzetako murruetako eskalada: erabat horniturik dauden luze anitzetako bideetan burujabetasun eta segurtasunez mugitzeko beharrezko ezagutza teoriko eta praktikoak eskuratzea. IKASLEAREN BETEKIZUNAK: \u2022 Baleko gaitasun fisikoa \u2022 Jarduera burutzeko sendagilearen eragozpenik ez edukitzea \u2022 Kirol eskaladan esperientzia izatea eta soka-buru moduan segurtasunez mugitzea edo kirol [&hellip;]<\/p>\n","protected":false},"featured_media":235809,"template":"","meta":{"_acf_changed":false,"_et_pb_use_builder":"","_et_pb_old_content":"","_et_gb_content_width":""},"product_brand":[],"product_cat":[599],"product_tag":[],"class_list":{"0":"post-235802","1":"product","2":"type-product","3":"status-publish","4":"has-post-thumbnail","6":"product_cat-goimendieskolaeus","8":"first","9":"instock","10":"shipping-taxable","11":"purchasable","12":"product-type-variable"},"acf":[],"yoast_head":"<!-- This site is optimized with the Yoast SEO plugin v27.4 - https:\/\/yoast.com\/product\/yoast-seo-wordpress\/ -->\n<title>Eskalada ikastaroa trebakuntza - Gipuzkoako Mendizale Federazioa - Federaci\u00f3n de Monta\u00f1a de Gipuzkoa<\/title>\n<meta name=\"robots\" content=\"index, follow, max-snippet:-1, max-image-preview:large, max-video-preview:-1\" \/>\n<link rel=\"canonical\" href=\"https:\/\/www.gmf.eus\/eu\/produktua\/eskalada-ikastaroa-hastapena-copia\/\" \/>\n<meta property=\"og:locale\" content=\"eu_ES\" \/>\n<meta property=\"og:type\" content=\"article\" \/>\n<meta property=\"og:title\" content=\"Eskalada ikastaroa trebakuntza - Gipuzkoako Mendizale Federazioa - Federaci\u00f3n de Monta\u00f1a de Gipuzkoa\" \/>\n<meta property=\"og:description\" content=\"EGUNAK: Maiatzaren 9 eta 10 LEKUA: Egino HELBURU OROKORRAK: Hornituriko luze anitzetako murruetako eskalada: erabat horniturik dauden luze anitzetako bideetan burujabetasun eta segurtasunez mugitzeko beharrezko ezagutza teoriko eta praktikoak eskuratzea. IKASLEAREN BETEKIZUNAK: \u2022 Baleko gaitasun fisikoa \u2022 Jarduera burutzeko sendagilearen eragozpenik ez edukitzea \u2022 Kirol eskaladan esperientzia izatea eta soka-buru moduan segurtasunez mugitzea edo kirol [&hellip;]\" \/>\n<meta property=\"og:site_name\" content=\"Gipuzkoako Mendizale Federazioa - Federaci\u00f3n de Monta\u00f1a de Gipuzkoa\" \/>\n<meta property=\"article:modified_time\" content=\"2026-04-14T07:04:22+00:00\" \/>\n<meta property=\"og:image\" content=\"https:\/\/www.gmf.eus\/wp-content\/uploads\/2026\/04\/11-ESKALADA-2026-Trebakuntza.jpg\" \/>\n\t<meta property=\"og:image:width\" content=\"1359\" \/>\n\t<meta property=\"og:image:height\" content=\"1477\" \/>\n\t<meta property=\"og:image:type\" content=\"image\/jpeg\" \/>\n<meta name=\"twitter:card\" content=\"summary_large_image\" \/>\n<meta name=\"twitter:label1\" content=\"Est. reading time\" \/>\n\t<meta name=\"twitter:data1\" content=\"3 minutes\" \/>\n<script type=\"application\/ld+json\" class=\"yoast-schema-graph\">{\"@context\":\"https:\\\/\\\/schema.org\",\"@graph\":[{\"@type\":\"WebPage\",\"@id\":\"https:\\\/\\\/www.gmf.eus\\\/eu\\\/produktua\\\/eskalada-ikastaroa-hastapena-copia\\\/\",\"url\":\"https:\\\/\\\/www.gmf.eus\\\/eu\\\/produktua\\\/eskalada-ikastaroa-hastapena-copia\\\/\",\"name\":\"Eskalada ikastaroa trebakuntza - Gipuzkoako Mendizale Federazioa - Federaci\u00f3n de Monta\u00f1a de Gipuzkoa\",\"isPartOf\":{\"@id\":\"https:\\\/\\\/www.gmf.eus\\\/#website\"},\"primaryImageOfPage\":{\"@id\":\"https:\\\/\\\/www.gmf.eus\\\/eu\\\/produktua\\\/eskalada-ikastaroa-hastapena-copia\\\/#primaryimage\"},\"image\":{\"@id\":\"https:\\\/\\\/www.gmf.eus\\\/eu\\\/produktua\\\/eskalada-ikastaroa-hastapena-copia\\\/#primaryimage\"},\"thumbnailUrl\":\"https:\\\/\\\/www.gmf.eus\\\/wp-content\\\/uploads\\\/2026\\\/04\\\/11-ESKALADA-2026-Trebakuntza.jpg\",\"datePublished\":\"2026-04-14T06:53:25+00:00\",\"dateModified\":\"2026-04-14T07:04:22+00:00\",\"breadcrumb\":{\"@id\":\"https:\\\/\\\/www.gmf.eus\\\/eu\\\/produktua\\\/eskalada-ikastaroa-hastapena-copia\\\/#breadcrumb\"},\"inLanguage\":\"eu-ES\",\"potentialAction\":[{\"@type\":\"ReadAction\",\"target\":[\"https:\\\/\\\/www.gmf.eus\\\/eu\\\/produktua\\\/eskalada-ikastaroa-hastapena-copia\\\/\"]}]},{\"@type\":\"ImageObject\",\"inLanguage\":\"eu-ES\",\"@id\":\"https:\\\/\\\/www.gmf.eus\\\/eu\\\/produktua\\\/eskalada-ikastaroa-hastapena-copia\\\/#primaryimage\",\"url\":\"https:\\\/\\\/www.gmf.eus\\\/wp-content\\\/uploads\\\/2026\\\/04\\\/11-ESKALADA-2026-Trebakuntza.jpg\",\"contentUrl\":\"https:\\\/\\\/www.gmf.eus\\\/wp-content\\\/uploads\\\/2026\\\/04\\\/11-ESKALADA-2026-Trebakuntza.jpg\",\"width\":1359,\"height\":1477},{\"@type\":\"BreadcrumbList\",\"@id\":\"https:\\\/\\\/www.gmf.eus\\\/eu\\\/produktua\\\/eskalada-ikastaroa-hastapena-copia\\\/#breadcrumb\",\"itemListElement\":[{\"@type\":\"ListItem\",\"position\":1,\"name\":\"Portada\",\"item\":\"https:\\\/\\\/www.gmf.eus\\\/\"},{\"@type\":\"ListItem\",\"position\":2,\"name\":\"Shop\",\"item\":\"https:\\\/\\\/www.gmf.eus\\\/eu\\\/denda\\\/\"},{\"@type\":\"ListItem\",\"position\":3,\"name\":\"Eskalada ikastaroa trebakuntza\"}]},{\"@type\":\"WebSite\",\"@id\":\"https:\\\/\\\/www.gmf.eus\\\/#website\",\"url\":\"https:\\\/\\\/www.gmf.eus\\\/\",\"name\":\"Gipuzkoako Mendizale Federazioa - Federaci\u00f3n de Monta\u00f1a de Gipuzkoa\",\"description\":\"Federacion de monta\u00f1a de gipuzkoa, en la que encontrar\u00e1s noticias de escalada, cursos online, competici\u00f3n, senderismo, actualidad...\",\"publisher\":{\"@id\":\"https:\\\/\\\/www.gmf.eus\\\/#organization\"},\"potentialAction\":[{\"@type\":\"SearchAction\",\"target\":{\"@type\":\"EntryPoint\",\"urlTemplate\":\"https:\\\/\\\/www.gmf.eus\\\/?s={search_term_string}\"},\"query-input\":{\"@type\":\"PropertyValueSpecification\",\"valueRequired\":true,\"valueName\":\"search_term_string\"}}],\"inLanguage\":\"eu-ES\"},{\"@type\":\"Organization\",\"@id\":\"https:\\\/\\\/www.gmf.eus\\\/#organization\",\"name\":\"Gipuzkoako Mendizale Federazioa - Federaci\u00f3n de Monta\u00f1a de Gipuzkoa\",\"url\":\"https:\\\/\\\/www.gmf.eus\\\/\",\"logo\":{\"@type\":\"ImageObject\",\"inLanguage\":\"eu-ES\",\"@id\":\"https:\\\/\\\/www.gmf.eus\\\/#\\\/schema\\\/logo\\\/image\\\/\",\"url\":\"https:\\\/\\\/www.gmf.eus\\\/wp-content\\\/uploads\\\/2022\\\/09\\\/GMF-logo_newsletter-1.png\",\"contentUrl\":\"https:\\\/\\\/www.gmf.eus\\\/wp-content\\\/uploads\\\/2022\\\/09\\\/GMF-logo_newsletter-1.png\",\"width\":150,\"height\":68,\"caption\":\"Gipuzkoako Mendizale Federazioa - Federaci\u00f3n de Monta\u00f1a de Gipuzkoa\"},\"image\":{\"@id\":\"https:\\\/\\\/www.gmf.eus\\\/#\\\/schema\\\/logo\\\/image\\\/\"}}]}<\/script>\n<!-- \/ Yoast SEO plugin. -->","yoast_head_json":{"title":"Eskalada ikastaroa trebakuntza - Gipuzkoako Mendizale Federazioa - Federaci\u00f3n de Monta\u00f1a de Gipuzkoa","robots":{"index":"index","follow":"follow","max-snippet":"max-snippet:-1","max-image-preview":"max-image-preview:large","max-video-preview":"max-video-preview:-1"},"canonical":"https:\/\/www.gmf.eus\/eu\/produktua\/eskalada-ikastaroa-hastapena-copia\/","og_locale":"eu_ES","og_type":"article","og_title":"Eskalada ikastaroa trebakuntza - Gipuzkoako Mendizale Federazioa - Federaci\u00f3n de Monta\u00f1a de Gipuzkoa","og_description":"EGUNAK: Maiatzaren 9 eta 10 LEKUA: Egino HELBURU OROKORRAK: Hornituriko luze anitzetako murruetako eskalada: erabat horniturik dauden luze anitzetako bideetan burujabetasun eta segurtasunez mugitzeko beharrezko ezagutza teoriko eta praktikoak eskuratzea. IKASLEAREN BETEKIZUNAK: \u2022 Baleko gaitasun fisikoa \u2022 Jarduera burutzeko sendagilearen eragozpenik ez edukitzea \u2022 Kirol eskaladan esperientzia izatea eta soka-buru moduan segurtasunez mugitzea edo kirol [&hellip;]","og_site_name":"Gipuzkoako Mendizale Federazioa - Federaci\u00f3n de Monta\u00f1a de Gipuzkoa","article_modified_time":"2026-04-14T07:04:22+00:00","og_image":[{"width":1359,"height":1477,"url":"https:\/\/www.gmf.eus\/wp-content\/uploads\/2026\/04\/11-ESKALADA-2026-Trebakuntza.jpg","type":"image\/jpeg"}],"twitter_card":"summary_large_image","twitter_misc":{"Est. reading time":"3 minutes"},"schema":{"@context":"https:\/\/schema.org","@graph":[{"@type":"WebPage","@id":"https:\/\/www.gmf.eus\/eu\/produktua\/eskalada-ikastaroa-hastapena-copia\/","url":"https:\/\/www.gmf.eus\/eu\/produktua\/eskalada-ikastaroa-hastapena-copia\/","name":"Eskalada ikastaroa trebakuntza - Gipuzkoako Mendizale Federazioa - Federaci\u00f3n de Monta\u00f1a de Gipuzkoa","isPartOf":{"@id":"https:\/\/www.gmf.eus\/#website"},"primaryImageOfPage":{"@id":"https:\/\/www.gmf.eus\/eu\/produktua\/eskalada-ikastaroa-hastapena-copia\/#primaryimage"},"image":{"@id":"https:\/\/www.gmf.eus\/eu\/produktua\/eskalada-ikastaroa-hastapena-copia\/#primaryimage"},"thumbnailUrl":"https:\/\/www.gmf.eus\/wp-content\/uploads\/2026\/04\/11-ESKALADA-2026-Trebakuntza.jpg","datePublished":"2026-04-14T06:53:25+00:00","dateModified":"2026-04-14T07:04:22+00:00","breadcrumb":{"@id":"https:\/\/www.gmf.eus\/eu\/produktua\/eskalada-ikastaroa-hastapena-copia\/#breadcrumb"},"inLanguage":"eu-ES","potentialAction":[{"@type":"ReadAction","target":["https:\/\/www.gmf.eus\/eu\/produktua\/eskalada-ikastaroa-hastapena-copia\/"]}]},{"@type":"ImageObject","inLanguage":"eu-ES","@id":"https:\/\/www.gmf.eus\/eu\/produktua\/eskalada-ikastaroa-hastapena-copia\/#primaryimage","url":"https:\/\/www.gmf.eus\/wp-content\/uploads\/2026\/04\/11-ESKALADA-2026-Trebakuntza.jpg","contentUrl":"https:\/\/www.gmf.eus\/wp-content\/uploads\/2026\/04\/11-ESKALADA-2026-Trebakuntza.jpg","width":1359,"height":1477},{"@type":"BreadcrumbList","@id":"https:\/\/www.gmf.eus\/eu\/produktua\/eskalada-ikastaroa-hastapena-copia\/#breadcrumb","itemListElement":[{"@type":"ListItem","position":1,"name":"Portada","item":"https:\/\/www.gmf.eus\/"},{"@type":"ListItem","position":2,"name":"Shop","item":"https:\/\/www.gmf.eus\/eu\/denda\/"},{"@type":"ListItem","position":3,"name":"Eskalada ikastaroa trebakuntza"}]},{"@type":"WebSite","@id":"https:\/\/www.gmf.eus\/#website","url":"https:\/\/www.gmf.eus\/","name":"Gipuzkoako Mendizale Federazioa - Federaci\u00f3n de Monta\u00f1a de Gipuzkoa","description":"Federacion de monta\u00f1a de gipuzkoa, en la que encontrar\u00e1s noticias de escalada, cursos online, competici\u00f3n, senderismo, actualidad...","publisher":{"@id":"https:\/\/www.gmf.eus\/#organization"},"potentialAction":[{"@type":"SearchAction","target":{"@type":"EntryPoint","urlTemplate":"https:\/\/www.gmf.eus\/?s={search_term_string}"},"query-input":{"@type":"PropertyValueSpecification","valueRequired":true,"valueName":"search_term_string"}}],"inLanguage":"eu-ES"},{"@type":"Organization","@id":"https:\/\/www.gmf.eus\/#organization","name":"Gipuzkoako Mendizale Federazioa - Federaci\u00f3n de Monta\u00f1a de Gipuzkoa","url":"https:\/\/www.gmf.eus\/","logo":{"@type":"ImageObject","inLanguage":"eu-ES","@id":"https:\/\/www.gmf.eus\/#\/schema\/logo\/image\/","url":"https:\/\/www.gmf.eus\/wp-content\/uploads\/2022\/09\/GMF-logo_newsletter-1.png","contentUrl":"https:\/\/www.gmf.eus\/wp-content\/uploads\/2022\/09\/GMF-logo_newsletter-1.png","width":150,"height":68,"caption":"Gipuzkoako Mendizale Federazioa - Federaci\u00f3n de Monta\u00f1a de Gipuzkoa"},"image":{"@id":"https:\/\/www.gmf.eus\/#\/schema\/logo\/image\/"}}]}},"_links":{"self":[{"href":"https:\/\/www.gmf.eus\/eu\/wp-json\/wp\/v2\/product\/235802","targetHints":{"allow":["GET"]}}],"collection":[{"href":"https:\/\/www.gmf.eus\/eu\/wp-json\/wp\/v2\/product"}],"about":[{"href":"https:\/\/www.gmf.eus\/eu\/wp-json\/wp\/v2\/types\/product"}],"wp:featuredmedia":[{"embeddable":true,"href":"https:\/\/www.gmf.eus\/eu\/wp-json\/wp\/v2\/media\/235809"}],"wp:attachment":[{"href":"https:\/\/www.gmf.eus\/eu\/wp-json\/wp\/v2\/media?parent=235802"}],"wp:term":[{"taxonomy":"product_brand","embeddable":true,"href":"https:\/\/www.gmf.eus\/eu\/wp-json\/wp\/v2\/product_brand?post=235802"},{"taxonomy":"product_cat","embeddable":true,"href":"https:\/\/www.gmf.eus\/eu\/wp-json\/wp\/v2\/product_cat?post=235802"},{"taxonomy":"product_tag","embeddable":true,"href":"https:\/\/www.gmf.eus\/eu\/wp-json\/wp\/v2\/product_tag?post=235802"}],"curies":[{"name":"wp","href":"https:\/\/api.w.org\/{rel}","templated":true}]}}