{"id":235819,"date":"2026-04-21T10:13:42","date_gmt":"2026-04-21T08:13:42","guid":{"rendered":"https:\/\/www.gmf.eus\/producto\/curso-de-descenso-de-barrancos\/"},"modified":"2026-04-22T09:38:40","modified_gmt":"2026-04-22T07:38:40","slug":"curso-de-descenso-de-barrancos","status":"publish","type":"product","link":"https:\/\/www.gmf.eus\/eu\/produktua\/curso-de-descenso-de-barrancos\/","title":{"rendered":"Arroilen jeitsiera ikastaroa"},"content":{"rendered":"<p><strong>EGUNAK:<\/strong> Maiatzaren 16a eta 17a<br \/>\n<strong>LEKUA:<\/strong> IZABA \/ NAFARROA<\/p>\n<p><strong>HELBURU OROKORRAK:<\/strong><br \/>\n\u2022 Erreka zintzurretarako hastapena. Arroila errazak segurtasunez eta autonomiaz jaitsi ahal izateko teknika zehatzen jabe egitea. Eta norbere burua sorosteko oinarrizko teknikak ikastea.<\/p>\n<p><strong>IKASLEAK BETE BEHARREKO BALDINTZAK:<\/strong><br \/>\n\u2022 Federatua izan, dagokion estaldurarekin. Federatuta ez daudenei asteburuko aseguru bat kontratatuko zaie.<br \/>\n\u2022 Sasoi onargarrian egon eta igeri egiten jakin.<br \/>\n\u2022 Jarduera hau egitea medikuak galarazita ez edukitzea.<br \/>\n\u2022 Gidari irakasleei talde edo banakako segurtasunean eragina izan dezakeen osasun edo egoera fisiko\/psikiko ko edozein alderdi jakinaraztea<br \/>\n\u2022 Adin nagusikoa izan edo 15 urtetik gora heldu batekin lagundua.<\/p>\n<p><strong>EDUKIAK:<\/strong><br \/>\n\u2022 Sokarik gabe aurrera egiteko teknikak.<br \/>\n\u2022 Sokarekin aurrera egiteko teknikak.<br \/>\n\u2022 Inprobisazio teknikak.<br \/>\n\u2022 Norbere burua sorosteko teknikak.<\/p>\n<p><strong>IKASLEEN KOPURUA:<\/strong><br \/>\n\u2022 Gehienez 12 \/ gutxienez 8<\/p>\n<p>R<strong>ATIOA:<\/strong> Irakasle bat 4\/6 ikasleko.<\/p>\n<p><strong>PREZIOA:<\/strong><br \/>\n\u2022 Federatua: 188 \u20ac \/ Ez federatua: 216 \u20ac<br \/>\n\u2022 Ikasleak: Federatua 150 \u20ac \/ Ez federatua 173 \u20ac<br \/>\n\u2022 EMF federatuta dauden 15 eta 21 urte bitartean: 85 \u20ac<\/p>\n<p>%10eko deskontua ikastaroa baino 10 egun lehenago izena ematen dutenentzat. Beherapenaren kodea: <strong>ARROILAK2026<\/strong><\/p>\n<p><strong>Prezioan sartu da :<\/strong><br \/>\n\u2022 Ostatua edo aterpetxea, mantenu erdian. Bakoitzak bere kabuz furgonetan edo kotxean lo egiteko aukera dauka, preziotik aterpeko zatia deskontatuz, 49 \u20ac.<br \/>\n\u2022 Edukien txosten teknikoa.<br \/>\n\u2022 Parte hartze agiria.<br \/>\n\u2022 GGMEren material teknikoa erabiltzeko aukera, sokak, kaskoak, arnesak, jaisteko gailuak, etab. (Federazioak ez ditu neoprenozko jantziak).<\/p>\n<p><strong>Prezioaren barne EZ daude:<\/strong><br \/>\n\u2022 Bidaia.<br \/>\n\u2022 Eguneko jatekoak.<br \/>\n\u2022 NEOPRENOZKO JANTZIA. Alokatzeko aukera dago 20 \u20ac-rengatik.<\/p>\n<p><strong>NORBANAKOAREN MATERIALA:<\/strong><br \/>\n\u2022 Neoprenozko jantzi osoa.<br \/>\n\u2022 Kaskoa.<br \/>\n\u2022 Arroiletarako edo mendirako oinetakoak (bustian ibiltzekoak).<br \/>\n\u2022 Arnesa, mosketoiak (3), jaistekoa eta ainguratze sokak (2).<br \/>\n\u2022 Erreka zintzurretarako motxila.<br \/>\n\u2022 Bidoi hermetikoa.<br \/>\n\u2022 Eguneko janaria.<\/p>\n<p><strong>AUKERAKO MATERIALA:<\/strong><br \/>\n\u2022 Blokeatzailea, \u2026<br \/>\n\u2022 Norberak beharrezkotzat jotzen duena jarduera gauzatzeko.<\/p>\n<p><strong>IKASLEENTZAKO OPARIAK:<\/strong><br \/>\n\u2022 Partaide guztiek El Mundo de los Pirineos aldizkariaren ale bana jasoko dute, Federazioaren babesle nagusia den Sua Edizioak-ek opari emanda.<\/p>\n<p><strong>OHAR GARRANTZITSUAK:<\/strong><br \/>\n\u2022 Federatutakoek: federatu txartelean estatuko estaldura izatea nahikoa da.<br \/>\n\u2022 Federatuta ez daudenek: Ikastaroa egin ahal izateko asteburuko aseguru bat egingo zaie, prezioaren barne ez dagoena.<br \/>\n\u2022 Ikastaroaren zuzendaritzak egitasmoa aldatzeko eskubidea izango du baldin eta eguraldiaren egoerak edo bestelako zerbaitek hartara behartuko balu.<br \/>\n\u2022 Ikastaroaren zuzendaritzak ikaslea ikastarotik egozteko eskubidea izango du baldin eta ez baditu eskakizunak betetzen edota ez badu diziplinaz jokatzen.<br \/>\n\u2022 GGMEren esku dagoen materiala erabili ahal izateko, ikasleak izen emateko orria betetzean egin beharko du eskaera.<\/p>\n<p><strong>LEHEN EGUNEKO HITZORDUA:<\/strong><br \/>\n\u2022 Zuzendaria ikastaroa baino egun batzuk lehenago ikasleekin harremanetan jarriko da, detaileak zehazteko (bidaiarako autoak, materiala etab.).<\/p>\n<p><strong>IKASTAROAREN ZUZENDARIA:<\/strong> OXEL ARRIETA<\/p>\n<p><strong>TELEFONOA:<\/strong> 616 858 126<\/p>\n","protected":false},"excerpt":{"rendered":"<p>EGUNAK: Maiatzaren 16a eta 17a LEKUA: IZABA \/ NAFARROA HELBURU OROKORRAK: \u2022 Erreka zintzurretarako hastapena. Arroila errazak segurtasunez eta autonomiaz jaitsi ahal izateko teknika zehatzen jabe egitea. Eta norbere burua sorosteko oinarrizko teknikak ikastea. IKASLEAK BETE BEHARREKO BALDINTZAK: \u2022 Federatua izan, dagokion estaldurarekin. Federatuta ez daudenei asteburuko aseguru bat kontratatuko zaie. \u2022 Sasoi onargarrian egon [&hellip;]<\/p>\n","protected":false},"featured_media":235818,"template":"","meta":{"_acf_changed":false,"_et_pb_use_builder":"","_et_pb_old_content":"","_et_gb_content_width":""},"product_brand":[],"product_cat":[599],"product_tag":[],"class_list":{"0":"post-235819","1":"product","2":"type-product","3":"status-publish","4":"has-post-thumbnail","6":"product_cat-goimendieskolaeus","8":"first","9":"instock","10":"shipping-taxable","11":"purchasable","12":"product-type-variable"},"acf":[],"yoast_head":"<!-- This site is optimized with the Yoast SEO plugin v27.4 - https:\/\/yoast.com\/product\/yoast-seo-wordpress\/ -->\n<title>Arroilen jeitsiera ikastaroa - Gipuzkoako Mendizale Federazioa - Federaci\u00f3n de Monta\u00f1a de Gipuzkoa<\/title>\n<meta name=\"robots\" content=\"index, follow, max-snippet:-1, max-image-preview:large, max-video-preview:-1\" \/>\n<link rel=\"canonical\" href=\"https:\/\/www.gmf.eus\/eu\/produktua\/curso-de-descenso-de-barrancos\/\" \/>\n<meta property=\"og:locale\" content=\"eu_ES\" \/>\n<meta property=\"og:type\" content=\"article\" \/>\n<meta property=\"og:title\" content=\"Arroilen jeitsiera ikastaroa - Gipuzkoako Mendizale Federazioa - Federaci\u00f3n de Monta\u00f1a de Gipuzkoa\" \/>\n<meta property=\"og:description\" content=\"EGUNAK: Maiatzaren 16a eta 17a LEKUA: IZABA \/ NAFARROA HELBURU OROKORRAK: \u2022 Erreka zintzurretarako hastapena. Arroila errazak segurtasunez eta autonomiaz jaitsi ahal izateko teknika zehatzen jabe egitea. Eta norbere burua sorosteko oinarrizko teknikak ikastea. IKASLEAK BETE BEHARREKO BALDINTZAK: \u2022 Federatua izan, dagokion estaldurarekin. Federatuta ez daudenei asteburuko aseguru bat kontratatuko zaie. \u2022 Sasoi onargarrian egon [&hellip;]\" \/>\n<meta property=\"og:site_name\" content=\"Gipuzkoako Mendizale Federazioa - Federaci\u00f3n de Monta\u00f1a de Gipuzkoa\" \/>\n<meta property=\"article:modified_time\" content=\"2026-04-22T07:38:40+00:00\" \/>\n<meta property=\"og:image\" content=\"https:\/\/www.gmf.eus\/wp-content\/uploads\/2025\/05\/12-ARROILEN-JEITSIERA-2026.jpg\" \/>\n\t<meta property=\"og:image:width\" content=\"1474\" \/>\n\t<meta property=\"og:image:height\" content=\"1540\" \/>\n\t<meta property=\"og:image:type\" content=\"image\/jpeg\" \/>\n<meta name=\"twitter:card\" content=\"summary_large_image\" \/>\n<meta name=\"twitter:label1\" content=\"Est. reading time\" \/>\n\t<meta name=\"twitter:data1\" content=\"3 minutes\" \/>\n<script type=\"application\/ld+json\" class=\"yoast-schema-graph\">{\"@context\":\"https:\\\/\\\/schema.org\",\"@graph\":[{\"@type\":\"WebPage\",\"@id\":\"https:\\\/\\\/www.gmf.eus\\\/eu\\\/produktua\\\/curso-de-descenso-de-barrancos\\\/\",\"url\":\"https:\\\/\\\/www.gmf.eus\\\/eu\\\/produktua\\\/curso-de-descenso-de-barrancos\\\/\",\"name\":\"Arroilen jeitsiera ikastaroa - Gipuzkoako Mendizale Federazioa - Federaci\u00f3n de Monta\u00f1a de Gipuzkoa\",\"isPartOf\":{\"@id\":\"https:\\\/\\\/www.gmf.eus\\\/#website\"},\"primaryImageOfPage\":{\"@id\":\"https:\\\/\\\/www.gmf.eus\\\/eu\\\/produktua\\\/curso-de-descenso-de-barrancos\\\/#primaryimage\"},\"image\":{\"@id\":\"https:\\\/\\\/www.gmf.eus\\\/eu\\\/produktua\\\/curso-de-descenso-de-barrancos\\\/#primaryimage\"},\"thumbnailUrl\":\"https:\\\/\\\/www.gmf.eus\\\/wp-content\\\/uploads\\\/2025\\\/05\\\/12-ARROILEN-JEITSIERA-2026.jpg\",\"datePublished\":\"2026-04-21T08:13:42+00:00\",\"dateModified\":\"2026-04-22T07:38:40+00:00\",\"breadcrumb\":{\"@id\":\"https:\\\/\\\/www.gmf.eus\\\/eu\\\/produktua\\\/curso-de-descenso-de-barrancos\\\/#breadcrumb\"},\"inLanguage\":\"eu-ES\",\"potentialAction\":[{\"@type\":\"ReadAction\",\"target\":[\"https:\\\/\\\/www.gmf.eus\\\/eu\\\/produktua\\\/curso-de-descenso-de-barrancos\\\/\"]}]},{\"@type\":\"ImageObject\",\"inLanguage\":\"eu-ES\",\"@id\":\"https:\\\/\\\/www.gmf.eus\\\/eu\\\/produktua\\\/curso-de-descenso-de-barrancos\\\/#primaryimage\",\"url\":\"https:\\\/\\\/www.gmf.eus\\\/wp-content\\\/uploads\\\/2025\\\/05\\\/12-ARROILEN-JEITSIERA-2026.jpg\",\"contentUrl\":\"https:\\\/\\\/www.gmf.eus\\\/wp-content\\\/uploads\\\/2025\\\/05\\\/12-ARROILEN-JEITSIERA-2026.jpg\",\"width\":1474,\"height\":1540},{\"@type\":\"BreadcrumbList\",\"@id\":\"https:\\\/\\\/www.gmf.eus\\\/eu\\\/produktua\\\/curso-de-descenso-de-barrancos\\\/#breadcrumb\",\"itemListElement\":[{\"@type\":\"ListItem\",\"position\":1,\"name\":\"Portada\",\"item\":\"https:\\\/\\\/www.gmf.eus\\\/\"},{\"@type\":\"ListItem\",\"position\":2,\"name\":\"Shop\",\"item\":\"https:\\\/\\\/www.gmf.eus\\\/eu\\\/denda\\\/\"},{\"@type\":\"ListItem\",\"position\":3,\"name\":\"Arroilen jeitsiera ikastaroa\"}]},{\"@type\":\"WebSite\",\"@id\":\"https:\\\/\\\/www.gmf.eus\\\/#website\",\"url\":\"https:\\\/\\\/www.gmf.eus\\\/\",\"name\":\"Gipuzkoako Mendizale Federazioa - Federaci\u00f3n de Monta\u00f1a de Gipuzkoa\",\"description\":\"Federacion de monta\u00f1a de gipuzkoa, en la que encontrar\u00e1s noticias de escalada, cursos online, competici\u00f3n, senderismo, actualidad...\",\"publisher\":{\"@id\":\"https:\\\/\\\/www.gmf.eus\\\/#organization\"},\"potentialAction\":[{\"@type\":\"SearchAction\",\"target\":{\"@type\":\"EntryPoint\",\"urlTemplate\":\"https:\\\/\\\/www.gmf.eus\\\/?s={search_term_string}\"},\"query-input\":{\"@type\":\"PropertyValueSpecification\",\"valueRequired\":true,\"valueName\":\"search_term_string\"}}],\"inLanguage\":\"eu-ES\"},{\"@type\":\"Organization\",\"@id\":\"https:\\\/\\\/www.gmf.eus\\\/#organization\",\"name\":\"Gipuzkoako Mendizale Federazioa - Federaci\u00f3n de Monta\u00f1a de Gipuzkoa\",\"url\":\"https:\\\/\\\/www.gmf.eus\\\/\",\"logo\":{\"@type\":\"ImageObject\",\"inLanguage\":\"eu-ES\",\"@id\":\"https:\\\/\\\/www.gmf.eus\\\/#\\\/schema\\\/logo\\\/image\\\/\",\"url\":\"https:\\\/\\\/www.gmf.eus\\\/wp-content\\\/uploads\\\/2022\\\/09\\\/GMF-logo_newsletter-1.png\",\"contentUrl\":\"https:\\\/\\\/www.gmf.eus\\\/wp-content\\\/uploads\\\/2022\\\/09\\\/GMF-logo_newsletter-1.png\",\"width\":150,\"height\":68,\"caption\":\"Gipuzkoako Mendizale Federazioa - Federaci\u00f3n de Monta\u00f1a de Gipuzkoa\"},\"image\":{\"@id\":\"https:\\\/\\\/www.gmf.eus\\\/#\\\/schema\\\/logo\\\/image\\\/\"}}]}<\/script>\n<!-- \/ Yoast SEO plugin. -->","yoast_head_json":{"title":"Arroilen jeitsiera ikastaroa - Gipuzkoako Mendizale Federazioa - Federaci\u00f3n de Monta\u00f1a de Gipuzkoa","robots":{"index":"index","follow":"follow","max-snippet":"max-snippet:-1","max-image-preview":"max-image-preview:large","max-video-preview":"max-video-preview:-1"},"canonical":"https:\/\/www.gmf.eus\/eu\/produktua\/curso-de-descenso-de-barrancos\/","og_locale":"eu_ES","og_type":"article","og_title":"Arroilen jeitsiera ikastaroa - Gipuzkoako Mendizale Federazioa - Federaci\u00f3n de Monta\u00f1a de Gipuzkoa","og_description":"EGUNAK: Maiatzaren 16a eta 17a LEKUA: IZABA \/ NAFARROA HELBURU OROKORRAK: \u2022 Erreka zintzurretarako hastapena. Arroila errazak segurtasunez eta autonomiaz jaitsi ahal izateko teknika zehatzen jabe egitea. Eta norbere burua sorosteko oinarrizko teknikak ikastea. IKASLEAK BETE BEHARREKO BALDINTZAK: \u2022 Federatua izan, dagokion estaldurarekin. Federatuta ez daudenei asteburuko aseguru bat kontratatuko zaie. \u2022 Sasoi onargarrian egon [&hellip;]","og_site_name":"Gipuzkoako Mendizale Federazioa - Federaci\u00f3n de Monta\u00f1a de Gipuzkoa","article_modified_time":"2026-04-22T07:38:40+00:00","og_image":[{"width":1474,"height":1540,"url":"https:\/\/www.gmf.eus\/wp-content\/uploads\/2025\/05\/12-ARROILEN-JEITSIERA-2026.jpg","type":"image\/jpeg"}],"twitter_card":"summary_large_image","twitter_misc":{"Est. reading time":"3 minutes"},"schema":{"@context":"https:\/\/schema.org","@graph":[{"@type":"WebPage","@id":"https:\/\/www.gmf.eus\/eu\/produktua\/curso-de-descenso-de-barrancos\/","url":"https:\/\/www.gmf.eus\/eu\/produktua\/curso-de-descenso-de-barrancos\/","name":"Arroilen jeitsiera ikastaroa - Gipuzkoako Mendizale Federazioa - Federaci\u00f3n de Monta\u00f1a de Gipuzkoa","isPartOf":{"@id":"https:\/\/www.gmf.eus\/#website"},"primaryImageOfPage":{"@id":"https:\/\/www.gmf.eus\/eu\/produktua\/curso-de-descenso-de-barrancos\/#primaryimage"},"image":{"@id":"https:\/\/www.gmf.eus\/eu\/produktua\/curso-de-descenso-de-barrancos\/#primaryimage"},"thumbnailUrl":"https:\/\/www.gmf.eus\/wp-content\/uploads\/2025\/05\/12-ARROILEN-JEITSIERA-2026.jpg","datePublished":"2026-04-21T08:13:42+00:00","dateModified":"2026-04-22T07:38:40+00:00","breadcrumb":{"@id":"https:\/\/www.gmf.eus\/eu\/produktua\/curso-de-descenso-de-barrancos\/#breadcrumb"},"inLanguage":"eu-ES","potentialAction":[{"@type":"ReadAction","target":["https:\/\/www.gmf.eus\/eu\/produktua\/curso-de-descenso-de-barrancos\/"]}]},{"@type":"ImageObject","inLanguage":"eu-ES","@id":"https:\/\/www.gmf.eus\/eu\/produktua\/curso-de-descenso-de-barrancos\/#primaryimage","url":"https:\/\/www.gmf.eus\/wp-content\/uploads\/2025\/05\/12-ARROILEN-JEITSIERA-2026.jpg","contentUrl":"https:\/\/www.gmf.eus\/wp-content\/uploads\/2025\/05\/12-ARROILEN-JEITSIERA-2026.jpg","width":1474,"height":1540},{"@type":"BreadcrumbList","@id":"https:\/\/www.gmf.eus\/eu\/produktua\/curso-de-descenso-de-barrancos\/#breadcrumb","itemListElement":[{"@type":"ListItem","position":1,"name":"Portada","item":"https:\/\/www.gmf.eus\/"},{"@type":"ListItem","position":2,"name":"Shop","item":"https:\/\/www.gmf.eus\/eu\/denda\/"},{"@type":"ListItem","position":3,"name":"Arroilen jeitsiera ikastaroa"}]},{"@type":"WebSite","@id":"https:\/\/www.gmf.eus\/#website","url":"https:\/\/www.gmf.eus\/","name":"Gipuzkoako Mendizale Federazioa - Federaci\u00f3n de Monta\u00f1a de Gipuzkoa","description":"Federacion de monta\u00f1a de gipuzkoa, en la que encontrar\u00e1s noticias de escalada, cursos online, competici\u00f3n, senderismo, actualidad...","publisher":{"@id":"https:\/\/www.gmf.eus\/#organization"},"potentialAction":[{"@type":"SearchAction","target":{"@type":"EntryPoint","urlTemplate":"https:\/\/www.gmf.eus\/?s={search_term_string}"},"query-input":{"@type":"PropertyValueSpecification","valueRequired":true,"valueName":"search_term_string"}}],"inLanguage":"eu-ES"},{"@type":"Organization","@id":"https:\/\/www.gmf.eus\/#organization","name":"Gipuzkoako Mendizale Federazioa - Federaci\u00f3n de Monta\u00f1a de Gipuzkoa","url":"https:\/\/www.gmf.eus\/","logo":{"@type":"ImageObject","inLanguage":"eu-ES","@id":"https:\/\/www.gmf.eus\/#\/schema\/logo\/image\/","url":"https:\/\/www.gmf.eus\/wp-content\/uploads\/2022\/09\/GMF-logo_newsletter-1.png","contentUrl":"https:\/\/www.gmf.eus\/wp-content\/uploads\/2022\/09\/GMF-logo_newsletter-1.png","width":150,"height":68,"caption":"Gipuzkoako Mendizale Federazioa - Federaci\u00f3n de Monta\u00f1a de Gipuzkoa"},"image":{"@id":"https:\/\/www.gmf.eus\/#\/schema\/logo\/image\/"}}]}},"_links":{"self":[{"href":"https:\/\/www.gmf.eus\/eu\/wp-json\/wp\/v2\/product\/235819","targetHints":{"allow":["GET"]}}],"collection":[{"href":"https:\/\/www.gmf.eus\/eu\/wp-json\/wp\/v2\/product"}],"about":[{"href":"https:\/\/www.gmf.eus\/eu\/wp-json\/wp\/v2\/types\/product"}],"wp:featuredmedia":[{"embeddable":true,"href":"https:\/\/www.gmf.eus\/eu\/wp-json\/wp\/v2\/media\/235818"}],"wp:attachment":[{"href":"https:\/\/www.gmf.eus\/eu\/wp-json\/wp\/v2\/media?parent=235819"}],"wp:term":[{"taxonomy":"product_brand","embeddable":true,"href":"https:\/\/www.gmf.eus\/eu\/wp-json\/wp\/v2\/product_brand?post=235819"},{"taxonomy":"product_cat","embeddable":true,"href":"https:\/\/www.gmf.eus\/eu\/wp-json\/wp\/v2\/product_cat?post=235819"},{"taxonomy":"product_tag","embeddable":true,"href":"https:\/\/www.gmf.eus\/eu\/wp-json\/wp\/v2\/product_tag?post=235819"}],"curies":[{"name":"wp","href":"https:\/\/api.w.org\/{rel}","templated":true}]}}