{"id":235888,"date":"2026-05-14T09:03:11","date_gmt":"2026-05-14T07:03:11","guid":{"rendered":"https:\/\/www.gmf.eus\/producto\/curso-de-escalada-en-terreno-de-aventura\/"},"modified":"2026-05-15T11:00:15","modified_gmt":"2026-05-15T09:00:15","slug":"curso-de-escalada-en-terreno-de-aventura","status":"publish","type":"product","link":"https:\/\/www.gmf.eus\/eu\/produktua\/curso-de-escalada-en-terreno-de-aventura\/","title":{"rendered":"Abentura eremuko eskalada ikastaroa"},"content":{"rendered":"<p><strong>Hornitu gabeko edo erdi hornituriko hormetarako eskalada teknikak<\/strong><\/p>\n<p><strong>EGUNAK:<\/strong> Ekainaren 6 eta 7<br \/>\n<strong>LEKUA:<\/strong> Amasola\/Egino<\/p>\n<p><strong>HELBURU NAGUSIA:<\/strong><br \/>\n\u2022 Ezagutza teoriko-praktikoak eskuratu eskalada libre edo askean burujabetasun eta segurtasunez mugitzeko, non beharrezkoa den norbanakoak bidea hornitzea.<\/p>\n<p><strong>IKASLEAREN BETEKIZUNAK:<\/strong><br \/>\n\u2022 Hainbat luzetako eta hornitutako paretetako kirol eskaladan esperientzia edukitzea eta soka-buru bezala segurtasunez mugitzea edo kirol eskaladako hobekuntzako ikastaroa egina edukitzea.<br \/>\n\u2022 Jarduera burutzeko sendagilearen eragozpenik ez edukitzea<br \/>\n\u2022 Adinekoa edo adingabea baimenarekin<\/p>\n<p><strong>EDUKIAK :<\/strong><br \/>\nMaila guztietako edukiak zehazten dira. Ikasle bakoitzak bere mailari dagozkionak landuko ditu:<br \/>\n\u2022 Ingurunea eta materiala (ainguraketa naturalak, iltzeak, trabagailuak, \u2018friend\u2019-ak, norberaren aseguruak baloratzea)<br \/>\n\u2022 Segurtasun teknikak (norabide askotako bilerak, hirukiak, lerroan, tarteko aseguruak)<br \/>\n\u2022 Progresio teknikak (sokaburuan eskalatu, rapel teknikak, norberaren asegurua, artifizialeko hastapena)<br \/>\n\u2022 Krokisak interpretatu eta soka-lagunen arteko komunikazioa.<br \/>\n\u2022 Korapiloak (sokara lotu, autoblokeatzaileak, dinamikoa, sokak elkartu, barkeroa)<br \/>\n\u2022 Jarduera planifikatu (ordutegiak, ihesbideak, jaitsierak, logistika)<\/p>\n<p><strong>MAILA :<\/strong><br \/>\n\u2022 Trebakuntza<\/p>\n<p><strong>IKASLEEN KOPURUA:<\/strong><br \/>\n\u2022 Gehienez: 12 \/ Gutxienez: 4<\/p>\n<p><strong>RATIOA:<\/strong><br \/>\nIrakasle bat 2 ikasleko.<\/p>\n<p><strong>PREZIOAK:<\/strong><br \/>\n\u2022 Federatua: 350 \u20ac \/ Ez federatua: 394 \u20ac<br \/>\n\u2022 Ikasleak: Federatua 280 \u20ac \/ Ez federatua: 315 \u20ac<br \/>\n\u2022 EMF federatuta dauden 15 eta 21 urte bitartean: 215 \u20ac<\/p>\n<p>%10eko deskontua ikastaroa baino 10 egun lehenago izena ematen dutenentzat. Beherapenaren kodea: <strong>ABENTURA2026<\/strong><\/p>\n<p><strong>Prezioan sartzen da :<\/strong><br \/>\n\u2022 Parte hartze agiria<br \/>\n\u2022 GGMEren material teknikoa erabiltzea: arnesa, soka, katu oinak eta abar<\/p>\n<p><strong>Prezioan EZ daude:<\/strong><br \/>\n\u2022 Bidaiak<br \/>\n\u2022 Bi egunetako janaria<\/p>\n<p><strong>NORBANAKOAREN MATERIALA:<\/strong><br \/>\n\u2022 Arnesa, kaskoa eta katu oinak.<br \/>\n\u2022 Berokia, zira, eguzki betaurrekoak, txanoa, eskularruak, eguzki krema<br \/>\n\u2022 Eguneko mokaduak egiteko jan-edanak (2 egunerako)<br \/>\n\u2022 Motxila, kantinplora<br \/>\n\u2022 Norberari jarduerarako aproposa iruditzen zaiona<\/p>\n<p><strong>BEHAR DUZUN MATERIALA:<\/strong><br \/>\nIzen-emate inprimakian ageri den \u201cbehar duzun materiala\u201d atala, ikastaroan parte hartu ahal izateko behar beharrezkoa den, eta Federazioak eskura dezakeen (prezioaren barne dago) materialari bakarrik dagokio. Beraz, ikastaro honetarako, parte-hartzaile bakoitzak ondorengo zein segurtasun-elementu beharko lituzkeen adierazi behar du:<br \/>\n\u2022 Arnesa, kaskoa eta katu oinak.<\/p>\n<p><strong>AUKERAKO MATERIALA<\/strong><br \/>\n\u2022 Soka, segurtasunezko mosketoiak, bagak, rebersoa, friend-ak eta fisureroak,\u2026<\/p>\n<p><strong>IKASLEENTZAKO OPARIAK:<\/strong><br \/>\nPartaide guztiek El Mundo de los Pirineos aldizkariaren ale bana jasoko dute, Federazioaren babesle nagusia den Sua Edizioak-ek opari emanda.<\/p>\n<p><strong>OHAR GARRANTZITSUAK:<\/strong><br \/>\n\u2022 Federatutakoek: federatu txartelean estatuko estaldura izatea nahikoa da.<br \/>\n\u2022 Federatuta ez daudenek: Ikastaroaren prezioan barne asteburuko aseguru bat dago.<br \/>\n\u2022 Ikastaroaren zuzendaritzak egitasmoa aldatzeko eskubidea izango du baldin eta eguraldiaren egoerak edo bestelako zerbaitek hartara behartuko balu .<br \/>\n\u2022 Ikastaroaren zuzendaritzak ikaslea ikastarotik egozteko eskubidea izango du baldin eta ez baditu eskakizunak betetzen edota ez badu diziplinaz jokatzen.<br \/>\n\u2022 GGMEren esku dagoen materiala erabili ahal izateko, ikasleak izen emateko orria betetzean egin beharko du eskaera.<br \/>\n<a href=\"https:\/\/www.gmf.eus\/reembolso_devoluciones\/\">Itzulketen politika.<\/a><\/p>\n<p><strong>LEHEN EGUNEKO HITZORDUA:<\/strong><br \/>\n\u2022Zuzendaria ikastaroa baino egun batzuk lehenago ikasleekin harremanetan jarriko da, detaileak zehazteko (bidaiarako autoak, materiala etab.).<\/p>\n<p><strong>IKASTAROAREN ZUZENDARIA:<\/strong> Rafa Zuza<br \/>\n<strong>TELEFONOA:<\/strong> 675 620 703<\/p>\n","protected":false},"excerpt":{"rendered":"<p>Hornitu gabeko edo erdi hornituriko hormetarako eskalada teknikak EGUNAK: Ekainaren 6 eta 7 LEKUA: Amasola\/Egino HELBURU NAGUSIA: \u2022 Ezagutza teoriko-praktikoak eskuratu eskalada libre edo askean burujabetasun eta segurtasunez mugitzeko, non beharrezkoa den norbanakoak bidea hornitzea. IKASLEAREN BETEKIZUNAK: \u2022 Hainbat luzetako eta hornitutako paretetako kirol eskaladan esperientzia edukitzea eta soka-buru bezala segurtasunez mugitzea edo kirol eskaladako [&hellip;]<\/p>\n","protected":false},"featured_media":235887,"template":"","meta":{"_acf_changed":false,"_et_pb_use_builder":"","_et_pb_old_content":"","_et_gb_content_width":""},"product_brand":[],"product_cat":[599],"product_tag":[],"class_list":{"0":"post-235888","1":"product","2":"type-product","3":"status-publish","4":"has-post-thumbnail","6":"product_cat-goimendieskolaeus","8":"first","9":"instock","10":"shipping-taxable","11":"purchasable","12":"product-type-variable"},"acf":[],"yoast_head":"<!-- This site is optimized with the Yoast SEO plugin v27.6 - https:\/\/yoast.com\/product\/yoast-seo-wordpress\/ -->\n<title>Abentura eremuko eskalada ikastaroa - Gipuzkoako Mendizale Federazioa - Federaci\u00f3n de Monta\u00f1a de Gipuzkoa<\/title>\n<meta name=\"robots\" content=\"index, follow, max-snippet:-1, max-image-preview:large, max-video-preview:-1\" \/>\n<link rel=\"canonical\" href=\"https:\/\/www.gmf.eus\/eu\/produktua\/curso-de-escalada-en-terreno-de-aventura\/\" \/>\n<meta property=\"og:locale\" content=\"eu_ES\" \/>\n<meta property=\"og:type\" content=\"article\" \/>\n<meta property=\"og:title\" content=\"Abentura eremuko eskalada ikastaroa - Gipuzkoako Mendizale Federazioa - Federaci\u00f3n de Monta\u00f1a de Gipuzkoa\" \/>\n<meta property=\"og:description\" content=\"Hornitu gabeko edo erdi hornituriko hormetarako eskalada teknikak EGUNAK: Ekainaren 6 eta 7 LEKUA: Amasola\/Egino HELBURU NAGUSIA: \u2022 Ezagutza teoriko-praktikoak eskuratu eskalada libre edo askean burujabetasun eta segurtasunez mugitzeko, non beharrezkoa den norbanakoak bidea hornitzea. IKASLEAREN BETEKIZUNAK: \u2022 Hainbat luzetako eta hornitutako paretetako kirol eskaladan esperientzia edukitzea eta soka-buru bezala segurtasunez mugitzea edo kirol eskaladako [&hellip;]\" \/>\n<meta property=\"og:site_name\" content=\"Gipuzkoako Mendizale Federazioa - Federaci\u00f3n de Monta\u00f1a de Gipuzkoa\" \/>\n<meta property=\"article:modified_time\" content=\"2026-05-15T09:00:15+00:00\" \/>\n<meta property=\"og:image\" content=\"https:\/\/www.gmf.eus\/wp-content\/uploads\/2025\/05\/15-ABENTURA-ESKALADA-2026-1024x999.jpg\" \/>\n\t<meta property=\"og:image:width\" content=\"1024\" \/>\n\t<meta property=\"og:image:height\" content=\"999\" \/>\n\t<meta property=\"og:image:type\" content=\"image\/jpeg\" \/>\n<meta name=\"twitter:card\" content=\"summary_large_image\" \/>\n<meta name=\"twitter:label1\" content=\"Est. reading time\" \/>\n\t<meta name=\"twitter:data1\" content=\"3 minutes\" \/>\n<script type=\"application\/ld+json\" class=\"yoast-schema-graph\">{\"@context\":\"https:\\\/\\\/schema.org\",\"@graph\":[{\"@type\":\"WebPage\",\"@id\":\"https:\\\/\\\/www.gmf.eus\\\/eu\\\/produktua\\\/curso-de-escalada-en-terreno-de-aventura\\\/\",\"url\":\"https:\\\/\\\/www.gmf.eus\\\/eu\\\/produktua\\\/curso-de-escalada-en-terreno-de-aventura\\\/\",\"name\":\"Abentura eremuko eskalada ikastaroa - Gipuzkoako Mendizale Federazioa - Federaci\u00f3n de Monta\u00f1a de Gipuzkoa\",\"isPartOf\":{\"@id\":\"https:\\\/\\\/www.gmf.eus\\\/#website\"},\"primaryImageOfPage\":{\"@id\":\"https:\\\/\\\/www.gmf.eus\\\/eu\\\/produktua\\\/curso-de-escalada-en-terreno-de-aventura\\\/#primaryimage\"},\"image\":{\"@id\":\"https:\\\/\\\/www.gmf.eus\\\/eu\\\/produktua\\\/curso-de-escalada-en-terreno-de-aventura\\\/#primaryimage\"},\"thumbnailUrl\":\"https:\\\/\\\/www.gmf.eus\\\/wp-content\\\/uploads\\\/2025\\\/05\\\/15-ABENTURA-ESKALADA-2026.jpg\",\"datePublished\":\"2026-05-14T07:03:11+00:00\",\"dateModified\":\"2026-05-15T09:00:15+00:00\",\"breadcrumb\":{\"@id\":\"https:\\\/\\\/www.gmf.eus\\\/eu\\\/produktua\\\/curso-de-escalada-en-terreno-de-aventura\\\/#breadcrumb\"},\"inLanguage\":\"eu-ES\",\"potentialAction\":[{\"@type\":\"ReadAction\",\"target\":[\"https:\\\/\\\/www.gmf.eus\\\/eu\\\/produktua\\\/curso-de-escalada-en-terreno-de-aventura\\\/\"]}]},{\"@type\":\"ImageObject\",\"inLanguage\":\"eu-ES\",\"@id\":\"https:\\\/\\\/www.gmf.eus\\\/eu\\\/produktua\\\/curso-de-escalada-en-terreno-de-aventura\\\/#primaryimage\",\"url\":\"https:\\\/\\\/www.gmf.eus\\\/wp-content\\\/uploads\\\/2025\\\/05\\\/15-ABENTURA-ESKALADA-2026.jpg\",\"contentUrl\":\"https:\\\/\\\/www.gmf.eus\\\/wp-content\\\/uploads\\\/2025\\\/05\\\/15-ABENTURA-ESKALADA-2026.jpg\",\"width\":1569,\"height\":1531},{\"@type\":\"BreadcrumbList\",\"@id\":\"https:\\\/\\\/www.gmf.eus\\\/eu\\\/produktua\\\/curso-de-escalada-en-terreno-de-aventura\\\/#breadcrumb\",\"itemListElement\":[{\"@type\":\"ListItem\",\"position\":1,\"name\":\"Portada\",\"item\":\"https:\\\/\\\/www.gmf.eus\\\/\"},{\"@type\":\"ListItem\",\"position\":2,\"name\":\"Shop\",\"item\":\"https:\\\/\\\/www.gmf.eus\\\/eu\\\/denda\\\/\"},{\"@type\":\"ListItem\",\"position\":3,\"name\":\"Abentura eremuko eskalada ikastaroa\"}]},{\"@type\":\"WebSite\",\"@id\":\"https:\\\/\\\/www.gmf.eus\\\/#website\",\"url\":\"https:\\\/\\\/www.gmf.eus\\\/\",\"name\":\"Gipuzkoako Mendizale Federazioa - Federaci\u00f3n de Monta\u00f1a de Gipuzkoa\",\"description\":\"Federacion de monta\u00f1a de gipuzkoa, en la que encontrar\u00e1s noticias de escalada, cursos online, competici\u00f3n, senderismo, actualidad...\",\"publisher\":{\"@id\":\"https:\\\/\\\/www.gmf.eus\\\/#organization\"},\"potentialAction\":[{\"@type\":\"SearchAction\",\"target\":{\"@type\":\"EntryPoint\",\"urlTemplate\":\"https:\\\/\\\/www.gmf.eus\\\/?s={search_term_string}\"},\"query-input\":{\"@type\":\"PropertyValueSpecification\",\"valueRequired\":true,\"valueName\":\"search_term_string\"}}],\"inLanguage\":\"eu-ES\"},{\"@type\":\"Organization\",\"@id\":\"https:\\\/\\\/www.gmf.eus\\\/#organization\",\"name\":\"Gipuzkoako Mendizale Federazioa - Federaci\u00f3n de Monta\u00f1a de Gipuzkoa\",\"url\":\"https:\\\/\\\/www.gmf.eus\\\/\",\"logo\":{\"@type\":\"ImageObject\",\"inLanguage\":\"eu-ES\",\"@id\":\"https:\\\/\\\/www.gmf.eus\\\/#\\\/schema\\\/logo\\\/image\\\/\",\"url\":\"https:\\\/\\\/www.gmf.eus\\\/wp-content\\\/uploads\\\/2022\\\/09\\\/GMF-logo_newsletter-1.png\",\"contentUrl\":\"https:\\\/\\\/www.gmf.eus\\\/wp-content\\\/uploads\\\/2022\\\/09\\\/GMF-logo_newsletter-1.png\",\"width\":150,\"height\":68,\"caption\":\"Gipuzkoako Mendizale Federazioa - Federaci\u00f3n de Monta\u00f1a de Gipuzkoa\"},\"image\":{\"@id\":\"https:\\\/\\\/www.gmf.eus\\\/#\\\/schema\\\/logo\\\/image\\\/\"}}]}<\/script>\n<!-- \/ Yoast SEO plugin. -->","yoast_head_json":{"title":"Abentura eremuko eskalada ikastaroa - Gipuzkoako Mendizale Federazioa - Federaci\u00f3n de Monta\u00f1a de Gipuzkoa","robots":{"index":"index","follow":"follow","max-snippet":"max-snippet:-1","max-image-preview":"max-image-preview:large","max-video-preview":"max-video-preview:-1"},"canonical":"https:\/\/www.gmf.eus\/eu\/produktua\/curso-de-escalada-en-terreno-de-aventura\/","og_locale":"eu_ES","og_type":"article","og_title":"Abentura eremuko eskalada ikastaroa - Gipuzkoako Mendizale Federazioa - Federaci\u00f3n de Monta\u00f1a de Gipuzkoa","og_description":"Hornitu gabeko edo erdi hornituriko hormetarako eskalada teknikak EGUNAK: Ekainaren 6 eta 7 LEKUA: Amasola\/Egino HELBURU NAGUSIA: \u2022 Ezagutza teoriko-praktikoak eskuratu eskalada libre edo askean burujabetasun eta segurtasunez mugitzeko, non beharrezkoa den norbanakoak bidea hornitzea. IKASLEAREN BETEKIZUNAK: \u2022 Hainbat luzetako eta hornitutako paretetako kirol eskaladan esperientzia edukitzea eta soka-buru bezala segurtasunez mugitzea edo kirol eskaladako [&hellip;]","og_site_name":"Gipuzkoako Mendizale Federazioa - Federaci\u00f3n de Monta\u00f1a de Gipuzkoa","article_modified_time":"2026-05-15T09:00:15+00:00","og_image":[{"width":1024,"height":999,"url":"https:\/\/www.gmf.eus\/wp-content\/uploads\/2025\/05\/15-ABENTURA-ESKALADA-2026-1024x999.jpg","type":"image\/jpeg"}],"twitter_card":"summary_large_image","twitter_misc":{"Est. reading time":"3 minutes"},"schema":{"@context":"https:\/\/schema.org","@graph":[{"@type":"WebPage","@id":"https:\/\/www.gmf.eus\/eu\/produktua\/curso-de-escalada-en-terreno-de-aventura\/","url":"https:\/\/www.gmf.eus\/eu\/produktua\/curso-de-escalada-en-terreno-de-aventura\/","name":"Abentura eremuko eskalada ikastaroa - Gipuzkoako Mendizale Federazioa - Federaci\u00f3n de Monta\u00f1a de Gipuzkoa","isPartOf":{"@id":"https:\/\/www.gmf.eus\/#website"},"primaryImageOfPage":{"@id":"https:\/\/www.gmf.eus\/eu\/produktua\/curso-de-escalada-en-terreno-de-aventura\/#primaryimage"},"image":{"@id":"https:\/\/www.gmf.eus\/eu\/produktua\/curso-de-escalada-en-terreno-de-aventura\/#primaryimage"},"thumbnailUrl":"https:\/\/www.gmf.eus\/wp-content\/uploads\/2025\/05\/15-ABENTURA-ESKALADA-2026.jpg","datePublished":"2026-05-14T07:03:11+00:00","dateModified":"2026-05-15T09:00:15+00:00","breadcrumb":{"@id":"https:\/\/www.gmf.eus\/eu\/produktua\/curso-de-escalada-en-terreno-de-aventura\/#breadcrumb"},"inLanguage":"eu-ES","potentialAction":[{"@type":"ReadAction","target":["https:\/\/www.gmf.eus\/eu\/produktua\/curso-de-escalada-en-terreno-de-aventura\/"]}]},{"@type":"ImageObject","inLanguage":"eu-ES","@id":"https:\/\/www.gmf.eus\/eu\/produktua\/curso-de-escalada-en-terreno-de-aventura\/#primaryimage","url":"https:\/\/www.gmf.eus\/wp-content\/uploads\/2025\/05\/15-ABENTURA-ESKALADA-2026.jpg","contentUrl":"https:\/\/www.gmf.eus\/wp-content\/uploads\/2025\/05\/15-ABENTURA-ESKALADA-2026.jpg","width":1569,"height":1531},{"@type":"BreadcrumbList","@id":"https:\/\/www.gmf.eus\/eu\/produktua\/curso-de-escalada-en-terreno-de-aventura\/#breadcrumb","itemListElement":[{"@type":"ListItem","position":1,"name":"Portada","item":"https:\/\/www.gmf.eus\/"},{"@type":"ListItem","position":2,"name":"Shop","item":"https:\/\/www.gmf.eus\/eu\/denda\/"},{"@type":"ListItem","position":3,"name":"Abentura eremuko eskalada ikastaroa"}]},{"@type":"WebSite","@id":"https:\/\/www.gmf.eus\/#website","url":"https:\/\/www.gmf.eus\/","name":"Gipuzkoako Mendizale Federazioa - Federaci\u00f3n de Monta\u00f1a de Gipuzkoa","description":"Federacion de monta\u00f1a de gipuzkoa, en la que encontrar\u00e1s noticias de escalada, cursos online, competici\u00f3n, senderismo, actualidad...","publisher":{"@id":"https:\/\/www.gmf.eus\/#organization"},"potentialAction":[{"@type":"SearchAction","target":{"@type":"EntryPoint","urlTemplate":"https:\/\/www.gmf.eus\/?s={search_term_string}"},"query-input":{"@type":"PropertyValueSpecification","valueRequired":true,"valueName":"search_term_string"}}],"inLanguage":"eu-ES"},{"@type":"Organization","@id":"https:\/\/www.gmf.eus\/#organization","name":"Gipuzkoako Mendizale Federazioa - Federaci\u00f3n de Monta\u00f1a de Gipuzkoa","url":"https:\/\/www.gmf.eus\/","logo":{"@type":"ImageObject","inLanguage":"eu-ES","@id":"https:\/\/www.gmf.eus\/#\/schema\/logo\/image\/","url":"https:\/\/www.gmf.eus\/wp-content\/uploads\/2022\/09\/GMF-logo_newsletter-1.png","contentUrl":"https:\/\/www.gmf.eus\/wp-content\/uploads\/2022\/09\/GMF-logo_newsletter-1.png","width":150,"height":68,"caption":"Gipuzkoako Mendizale Federazioa - Federaci\u00f3n de Monta\u00f1a de Gipuzkoa"},"image":{"@id":"https:\/\/www.gmf.eus\/#\/schema\/logo\/image\/"}}]}},"_links":{"self":[{"href":"https:\/\/www.gmf.eus\/eu\/wp-json\/wp\/v2\/product\/235888","targetHints":{"allow":["GET"]}}],"collection":[{"href":"https:\/\/www.gmf.eus\/eu\/wp-json\/wp\/v2\/product"}],"about":[{"href":"https:\/\/www.gmf.eus\/eu\/wp-json\/wp\/v2\/types\/product"}],"wp:featuredmedia":[{"embeddable":true,"href":"https:\/\/www.gmf.eus\/eu\/wp-json\/wp\/v2\/media\/235887"}],"wp:attachment":[{"href":"https:\/\/www.gmf.eus\/eu\/wp-json\/wp\/v2\/media?parent=235888"}],"wp:term":[{"taxonomy":"product_brand","embeddable":true,"href":"https:\/\/www.gmf.eus\/eu\/wp-json\/wp\/v2\/product_brand?post=235888"},{"taxonomy":"product_cat","embeddable":true,"href":"https:\/\/www.gmf.eus\/eu\/wp-json\/wp\/v2\/product_cat?post=235888"},{"taxonomy":"product_tag","embeddable":true,"href":"https:\/\/www.gmf.eus\/eu\/wp-json\/wp\/v2\/product_tag?post=235888"}],"curies":[{"name":"wp","href":"https:\/\/api.w.org\/{rel}","templated":true}]}}